{"id":1048,"date":"2015-08-20T09:49:10","date_gmt":"2015-08-20T09:49:10","guid":{"rendered":"http:\/\/albertobernalcomposer.apps-1and1.net\/?page_id=1048"},"modified":"2016-04-05T16:34:49","modified_gmt":"2016-04-05T16:34:49","slug":"found-sounds","status":"publish","type":"page","link":"https:\/\/albertobernal.net\/es\/works\/series\/found-sounds","title":{"rendered":"sonidos encontrados"},"content":{"rendered":"<p><strong>Plantilla:<\/strong> grabaciones de audio. 2 canales<br \/>\n<strong>Creaci\u00f3n:<\/strong> 2006-<br \/>\n<strong>Duraci\u00f3n:<\/strong> var. Pueden ser sonorizados como un todo,\u00a0 separadamente o como instalaci\u00f3n sonora<\/p>\n<hr \/>\n<p><img loading=\"lazy\" decoding=\"async\" class=\"aligncenter wp-image-514 size-large\" src=\"https:\/\/www.albertobernal.net\/wp-content\/uploads\/2016\/04\/objetos.jpg\" alt=\"mixturas-1\" width=\"1024\" height=\"647\" \/><\/p>\n<p style=\"text-align: justify;\">Sonidos encontrados<em> son ready mades sonoros, situaciones sonoras tomadas de la cotidianidad tal cual se encuentran en \u00e9sta sin la m\u00e1s m\u00ednima preparaci\u00f3n, modificaci\u00f3n o edici\u00f3n posterior, nada m\u00e1s que la elecci\u00f3n de un (las m\u00e1s veces arbitrario) punto de inicio y final. <\/em><\/p>\n<p style=\"text-align: justify;\"><em>\u00bfM\u00fasica? \u00bfArte? \u00bfEmotividad?\u00bfAutor\u00eda? \u00bfConvenciones? \u00bfM\u00fasica?<\/em><\/p>\n<hr \/>\n<p><iframe loading=\"lazy\" src=\"https:\/\/w.soundcloud.com\/player\/?url=https%3A\/\/api.soundcloud.com\/playlists\/136626657&amp;auto_play=false&amp;hide_related=false&amp;show_comments=false&amp;show_user=false&amp;show_reposts=false&amp;visual=false&amp;show_artwork=false&amp;color=998374\" width=\"100%\" height=\"800\" frameborder=\"no\" scrolling=\"no\"><\/iframe><\/p>","protected":false},"excerpt":{"rendered":"<p>tape \/ instalaci\u00f3n (2006-)<\/p>\n","protected":false},"author":1,"featured_media":2446,"parent":795,"menu_order":0,"comment_status":"closed","ping_status":"closed","template":"","meta":{"footnotes":""},"class_list":["post-1048","page","type-page","status-publish","has-post-thumbnail","hentry"],"_links":{"self":[{"href":"https:\/\/albertobernal.net\/es\/wp-json\/wp\/v2\/pages\/1048","targetHints":{"allow":["GET"]}}],"collection":[{"href":"https:\/\/albertobernal.net\/es\/wp-json\/wp\/v2\/pages"}],"about":[{"href":"https:\/\/albertobernal.net\/es\/wp-json\/wp\/v2\/types\/page"}],"author":[{"embeddable":true,"href":"https:\/\/albertobernal.net\/es\/wp-json\/wp\/v2\/users\/1"}],"replies":[{"embeddable":true,"href":"https:\/\/albertobernal.net\/es\/wp-json\/wp\/v2\/comments?post=1048"}],"version-history":[{"count":13,"href":"https:\/\/albertobernal.net\/es\/wp-json\/wp\/v2\/pages\/1048\/revisions"}],"predecessor-version":[{"id":2457,"href":"https:\/\/albertobernal.net\/es\/wp-json\/wp\/v2\/pages\/1048\/revisions\/2457"}],"up":[{"embeddable":true,"href":"https:\/\/albertobernal.net\/es\/wp-json\/wp\/v2\/pages\/795"}],"wp:featuredmedia":[{"embeddable":true,"href":"https:\/\/albertobernal.net\/es\/wp-json\/wp\/v2\/media\/2446"}],"wp:attachment":[{"href":"https:\/\/albertobernal.net\/es\/wp-json\/wp\/v2\/media?parent=1048"}],"curies":[{"name":"wp","href":"https:\/\/api.w.org\/{rel}","templated":true}]}}