{"id":1051,"date":"2015-08-20T09:52:02","date_gmt":"2015-08-20T09:52:02","guid":{"rendered":"http:\/\/albertobernalcomposer.apps-1and1.net\/?page_id=1051"},"modified":"2016-04-05T16:35:00","modified_gmt":"2016-04-05T16:35:00","slug":"found-musics","status":"publish","type":"page","link":"https:\/\/albertobernal.net\/es\/works\/series\/found-musics","title":{"rendered":"m\u00fasicas encontradas"},"content":{"rendered":"<p><strong>Plantilla:<\/strong> grabaciones de audio. 2 canales<br \/>\n<strong>Creaci\u00f3n:<\/strong> 2006-<br \/>\n<strong>Duraci\u00f3n:<\/strong> var. Pueden ser sonorizadas como un todo, separadamente o como instalaci\u00f3n sonora<\/p>\n<hr \/>\n<p><img loading=\"lazy\" decoding=\"async\" class=\"aligncenter wp-image-514 size-large\" src=\"https:\/\/www.albertobernal.net\/wp-content\/uploads\/2016\/04\/objetos.jpg\" alt=\"mixturas-1\" width=\"1024\" height=\"647\" \/><\/p>\n<p style=\"text-align: justify;\">M\u00fasicas encontradas<em> son ready mades sonoros, m\u00fasicas tomadas de la calle tal y como all\u00ed se encuentran, con su contexto, sus ruidos de fondo, la indiferencia de lo circundante, su enorme imperfecci\u00f3n&#8230; Al contrario de la habitual escucha musical, en la que nuestros o\u00eddos, la difusi\u00f3n, la t\u00e9cnica de sonido y la praxis del concierto separan el ruido y contexto circundante para enfocar sobre la \u00abm\u00fasica\u00bb efectiva y aquello que \u00e9sta transmite, estas \u00abm\u00fasicas encontradas\u00bb constituyen un documento sonoro que cambia el enfoque al primer plano por un enfoque al infinito: la m\u00fasica pasa a ser el verdadero ruido de fondo y lo que realmente transmite est\u00e1 en lo otrora llamado \u00abruido de fondo\u00bb y su interacci\u00f3n con la \u00abm\u00fasica\u00bb. <\/em><\/p>\n<p><iframe loading=\"lazy\" src=\"https:\/\/w.soundcloud.com\/player\/?url=https%3A\/\/api.soundcloud.com\/playlists\/136626858&amp;auto_play=false&amp;hide_related=false&amp;show_comments=false&amp;show_user=false&amp;show_reposts=false&amp;visual=false&amp;show_artwork=false&amp;color=998374\" width=\"100%\" height=\"650\" frameborder=\"no\" scrolling=\"no\"><\/iframe><\/p>","protected":false},"excerpt":{"rendered":"<p>tape \/ instalaci\u00f3n (2006-)<\/p>\n","protected":false},"author":1,"featured_media":2446,"parent":795,"menu_order":0,"comment_status":"closed","ping_status":"closed","template":"","meta":{"footnotes":""},"class_list":["post-1051","page","type-page","status-publish","has-post-thumbnail","hentry"],"_links":{"self":[{"href":"https:\/\/albertobernal.net\/es\/wp-json\/wp\/v2\/pages\/1051","targetHints":{"allow":["GET"]}}],"collection":[{"href":"https:\/\/albertobernal.net\/es\/wp-json\/wp\/v2\/pages"}],"about":[{"href":"https:\/\/albertobernal.net\/es\/wp-json\/wp\/v2\/types\/page"}],"author":[{"embeddable":true,"href":"https:\/\/albertobernal.net\/es\/wp-json\/wp\/v2\/users\/1"}],"replies":[{"embeddable":true,"href":"https:\/\/albertobernal.net\/es\/wp-json\/wp\/v2\/comments?post=1051"}],"version-history":[{"count":11,"href":"https:\/\/albertobernal.net\/es\/wp-json\/wp\/v2\/pages\/1051\/revisions"}],"predecessor-version":[{"id":2458,"href":"https:\/\/albertobernal.net\/es\/wp-json\/wp\/v2\/pages\/1051\/revisions\/2458"}],"up":[{"embeddable":true,"href":"https:\/\/albertobernal.net\/es\/wp-json\/wp\/v2\/pages\/795"}],"wp:featuredmedia":[{"embeddable":true,"href":"https:\/\/albertobernal.net\/es\/wp-json\/wp\/v2\/media\/2446"}],"wp:attachment":[{"href":"https:\/\/albertobernal.net\/es\/wp-json\/wp\/v2\/media?parent=1051"}],"curies":[{"name":"wp","href":"https:\/\/api.w.org\/{rel}","templated":true}]}}