{"id":1105,"date":"2015-08-20T16:54:37","date_gmt":"2015-08-20T16:54:37","guid":{"rendered":"http:\/\/albertobernalcomposer.apps-1and1.net\/?page_id=1105"},"modified":"2016-07-31T13:57:38","modified_gmt":"2016-07-31T13:57:38","slug":"stage","status":"publish","type":"page","link":"https:\/\/albertobernal.net\/es\/works\/format\/stage","title":{"rendered":"proyectos esc\u00e9nicos"},"content":{"rendered":"<p><strong><em><a style=\"color: #998374;\" href=\"https:\/\/albertobernal.net\/format\">\u2192 obras por formato<\/a><\/em><\/strong><\/p>\n<hr \/>\n<p><div class=\"pt-cv-wrapper\"><div class=\"pt-cv-view pt-cv-grid pt-cv-colsys pt-cv-left\" id=\"pt-cv-view-eec43d8054\"><div data-id=\"pt-cv-page-1\" class=\"pt-cv-page\" data-cvc=\"4\"><div class=\"col-md-3 col-sm-3 col-xs-12 pt-cv-content-item pt-cv-1-col\" ><div class='pt-cv-ifield'><a href=\"https:\/\/albertobernal.net\/es\/erlkonig-archive\" class=\"_blank pt-cv-href-thumbnail pt-cv-thumb-default\" target=\"_blank\" ><img loading=\"lazy\" decoding=\"async\" width=\"300\" height=\"225\" src=\"https:\/\/albertobernal.net\/wp-content\/uploads\/2025\/10\/EK-low-300x225.gif\" class=\"pt-cv-thumbnail img-none\" alt=\"\" \/><\/a>\n<h4 class=\"pt-cv-title\"><a href=\"https:\/\/albertobernal.net\/es\/erlkonig-archive\" class=\"_blank\" target=\"_blank\" >Erlk\u00f6nig-Archive<\/a><\/h4>\n<div class=\"pt-cv-content\">\u00f3pera de c\u00e1mara (2025)<\/div><\/div><\/div>\n<div class=\"col-md-3 col-sm-3 col-xs-12 pt-cv-content-item pt-cv-1-col\" ><div class='pt-cv-ifield'><a href=\"https:\/\/albertobernal.net\/es\/islave\" class=\"_blank pt-cv-href-thumbnail pt-cv-thumb-default\" target=\"_blank\" ><img loading=\"lazy\" decoding=\"async\" width=\"300\" height=\"225\" src=\"https:\/\/albertobernal.net\/wp-content\/uploads\/2024\/02\/iSlave-300x225.gif\" class=\"pt-cv-thumbnail img-none\" alt=\"\" \/><\/a>\n<h4 class=\"pt-cv-title\"><a href=\"https:\/\/albertobernal.net\/es\/islave\" class=\"_blank\" target=\"_blank\" >iSlave<\/a><\/h4>\n<div class=\"pt-cv-content\">\u00d3pera de c\u00e1mara (2024)<\/div><\/div><\/div>\n<div class=\"col-md-3 col-sm-3 col-xs-12 pt-cv-content-item pt-cv-1-col\" ><div class='pt-cv-ifield'><a href=\"https:\/\/albertobernal.net\/es\/0-997\" class=\"_blank pt-cv-href-thumbnail pt-cv-thumb-default\" target=\"_blank\" ><img loading=\"lazy\" decoding=\"async\" width=\"300\" height=\"225\" src=\"https:\/\/albertobernal.net\/wp-content\/uploads\/2015\/08\/0997-5-300x225.gif\" class=\"pt-cv-thumbnail img-none\" alt=\"0.997\" \/><\/a>\n<h4 class=\"pt-cv-title\"><a href=\"https:\/\/albertobernal.net\/es\/0-997\" class=\"_blank\" target=\"_blank\" >0.997<\/a><\/h4>\n<div class=\"pt-cv-content\">obra esc\u00e9nica (2015)<\/div><\/div><\/div>\n<div class=\"col-md-3 col-sm-3 col-xs-12 pt-cv-content-item pt-cv-1-col\" ><div class='pt-cv-ifield'><a href=\"https:\/\/albertobernal.net\/es\/absent-made-present\" class=\"_blank pt-cv-href-thumbnail pt-cv-thumb-default\" target=\"_blank\" ><img decoding=\"async\" src=\"https:\/\/albertobernal.net\/wp-content\/uploads\/2015\/08\/absent-1024x768.jpg\" class=\"pt-cv-thumbnail img-none\" width=\"300\" style=\"width: 300px;\"\/><\/a>\n<h4 class=\"pt-cv-title\"><a href=\"https:\/\/albertobernal.net\/es\/absent-made-present\" class=\"_blank\" target=\"_blank\" >Absent made present<\/a><\/h4>\n<div class=\"pt-cv-content\">colaboraci\u00f3n esc\u00e9nica con Freddie Opoku-addaie (2012)<\/div><\/div><\/div>\n<div class=\"col-md-3 col-sm-3 col-xs-12 pt-cv-content-item pt-cv-1-col\" ><div class='pt-cv-ifield'><a href=\"https:\/\/albertobernal.net\/es\/grimm\" class=\"_blank pt-cv-href-thumbnail pt-cv-thumb-default\" target=\"_blank\" ><img loading=\"lazy\" decoding=\"async\" width=\"300\" height=\"225\" src=\"https:\/\/albertobernal.net\/wp-content\/uploads\/2015\/08\/greims_web-300x225.gif\" class=\"pt-cv-thumbnail img-none\" alt=\"\" \/><\/a>\n<h4 class=\"pt-cv-title\"><a href=\"https:\/\/albertobernal.net\/es\/grimm\" class=\"_blank\" target=\"_blank\" >Grim[m]<\/a><\/h4>\n<div class=\"pt-cv-content\">colaboraci\u00f3n esc\u00e9nica con Christian Weiss y Luise Kr\u00fcger (2012)<\/div><\/div><\/div>\n<div class=\"col-md-3 col-sm-3 col-xs-12 pt-cv-content-item pt-cv-1-col\" ><div class='pt-cv-ifield'><a href=\"https:\/\/albertobernal.net\/es\/buying-a-life\" class=\"_blank pt-cv-href-thumbnail pt-cv-thumb-default\" target=\"_blank\" ><img loading=\"lazy\" decoding=\"async\" width=\"300\" height=\"225\" src=\"https:\/\/albertobernal.net\/wp-content\/uploads\/2015\/08\/buying-a-life-300x225.gif\" class=\"pt-cv-thumbnail img-none\" alt=\"buying a life\" \/><\/a>\n<h4 class=\"pt-cv-title\"><a href=\"https:\/\/albertobernal.net\/es\/buying-a-life\" class=\"_blank\" target=\"_blank\" >buying a life<\/a><\/h4>\n<div class=\"pt-cv-content\">colaboraci\u00f3n esc\u00e9nica con el colectivo Acciones Imaginarias (2012)<\/div><\/div><\/div>\n<div class=\"col-md-3 col-sm-3 col-xs-12 pt-cv-content-item pt-cv-1-col\" ><div class='pt-cv-ifield'><a href=\"https:\/\/albertobernal.net\/es\/oath\" class=\"_blank pt-cv-href-thumbnail pt-cv-thumb-default\" target=\"_blank\" ><img loading=\"lazy\" decoding=\"async\" width=\"300\" height=\"225\" src=\"https:\/\/albertobernal.net\/wp-content\/uploads\/2015\/03\/black-300x225.gif\" class=\"pt-cv-thumbnail img-none\" alt=\"\" \/><\/a>\n<h4 class=\"pt-cv-title\"><a href=\"https:\/\/albertobernal.net\/es\/oath\" class=\"_blank\" target=\"_blank\" >politicking oath<\/a><\/h4>\n<div class=\"pt-cv-content\">3 bailarines y tape (2011)<\/div><\/div><\/div>\n<div class=\"col-md-3 col-sm-3 col-xs-12 pt-cv-content-item pt-cv-1-col\" ><div class='pt-cv-ifield'><a href=\"https:\/\/albertobernal.net\/es\/crowds-and-power\" class=\"_blank pt-cv-href-thumbnail pt-cv-thumb-default\" target=\"_blank\" ><img loading=\"lazy\" decoding=\"async\" width=\"300\" height=\"225\" src=\"https:\/\/albertobernal.net\/wp-content\/uploads\/2015\/08\/crowds-and-power-imagen1-300x225.gif\" class=\"pt-cv-thumbnail img-none\" alt=\"crowds and power\" \/><\/a>\n<h4 class=\"pt-cv-title\"><a href=\"https:\/\/albertobernal.net\/es\/crowds-and-power\" class=\"_blank\" target=\"_blank\" >masa y poder<\/a><\/h4>\n<div class=\"pt-cv-content\">1 actor, 4 bailarines, electr\u00f3nica y v\u00eddeo en tiempo real (2011)<\/div><\/div><\/div>\n<div class=\"col-md-3 col-sm-3 col-xs-12 pt-cv-content-item pt-cv-1-col\" ><div class='pt-cv-ifield'><a href=\"https:\/\/albertobernal.net\/es\/passion\" class=\"_blank pt-cv-href-thumbnail pt-cv-thumb-default\" target=\"_blank\" ><img loading=\"lazy\" decoding=\"async\" width=\"300\" height=\"225\" src=\"https:\/\/albertobernal.net\/wp-content\/uploads\/2015\/08\/passion-300x225.gif\" class=\"pt-cv-thumbnail img-none\" alt=\"passion\" \/><\/a>\n<h4 class=\"pt-cv-title\"><a href=\"https:\/\/albertobernal.net\/es\/passion\" class=\"_blank\" target=\"_blank\" >passion<\/a><\/h4>\n<div class=\"pt-cv-content\">m\u00fasica esc\u00e9nica para contratenor, ensemble, y sonidos grabados (2010)<\/div><\/div><\/div>\n<div class=\"col-md-3 col-sm-3 col-xs-12 pt-cv-content-item pt-cv-1-col\" ><div class='pt-cv-ifield'><a href=\"https:\/\/albertobernal.net\/es\/the-space-of-possibility\" class=\"_blank pt-cv-href-thumbnail pt-cv-thumb-default\" target=\"_blank\" ><img loading=\"lazy\" decoding=\"async\" width=\"300\" height=\"225\" src=\"https:\/\/albertobernal.net\/wp-content\/uploads\/2015\/08\/the-space-300x225.gif\" class=\"pt-cv-thumbnail img-none\" alt=\"space\" \/><\/a>\n<h4 class=\"pt-cv-title\"><a href=\"https:\/\/albertobernal.net\/es\/the-space-of-possibility\" class=\"_blank\" target=\"_blank\" >the space of possibility<\/a><\/h4>\n<div class=\"pt-cv-content\">actor\/recitador, clarinete bajo, guitarra el\u00e9ctrica, percusi\u00f3n y proyecci\u00f3n de video (2004)<\/div><\/div><\/div><\/div><\/div><\/div>\t\t\t<style type=\"text\/css\" id=\"pt-cv-inline-style-748d3f30vy\">#pt-cv-view-eec43d8054 .pt-cv-title a, #pt-cv-view-eec43d8054  .panel-title { font-family: 'Noto Sans', Arial, serif !important; font-size: 14px !important; }\n#pt-cv-view-eec43d8054 .pt-cv-content , #pt-cv-view-eec43d8054  .carousel-caption { font-family: 'Noto Sans', Arial, serif !important; font-size: 12px !important; }\n#pt-cv-view-eec43d8054 .pt-cv-tao  { font-size: 20px !important; }\n#pt-cv-view-eec43d8054 { text-align: left !important; }<\/style>\r\n\t\t\t<\/p>","protected":false},"excerpt":{"rendered":"<p>\u2192 obras por formato<\/p>\n","protected":false},"author":1,"featured_media":0,"parent":1133,"menu_order":4,"comment_status":"closed","ping_status":"closed","template":"page-full.php","meta":{"footnotes":""},"class_list":["post-1105","page","type-page","status-publish","hentry"],"_links":{"self":[{"href":"https:\/\/albertobernal.net\/es\/wp-json\/wp\/v2\/pages\/1105","targetHints":{"allow":["GET"]}}],"collection":[{"href":"https:\/\/albertobernal.net\/es\/wp-json\/wp\/v2\/pages"}],"about":[{"href":"https:\/\/albertobernal.net\/es\/wp-json\/wp\/v2\/types\/page"}],"author":[{"embeddable":true,"href":"https:\/\/albertobernal.net\/es\/wp-json\/wp\/v2\/users\/1"}],"replies":[{"embeddable":true,"href":"https:\/\/albertobernal.net\/es\/wp-json\/wp\/v2\/comments?post=1105"}],"version-history":[{"count":5,"href":"https:\/\/albertobernal.net\/es\/wp-json\/wp\/v2\/pages\/1105\/revisions"}],"predecessor-version":[{"id":2554,"href":"https:\/\/albertobernal.net\/es\/wp-json\/wp\/v2\/pages\/1105\/revisions\/2554"}],"up":[{"embeddable":true,"href":"https:\/\/albertobernal.net\/es\/wp-json\/wp\/v2\/pages\/1133"}],"wp:attachment":[{"href":"https:\/\/albertobernal.net\/es\/wp-json\/wp\/v2\/media?parent=1105"}],"curies":[{"name":"wp","href":"https:\/\/api.w.org\/{rel}","templated":true}]}}