{"id":1106,"date":"2015-08-20T16:56:00","date_gmt":"2015-08-20T16:56:00","guid":{"rendered":"http:\/\/albertobernalcomposer.apps-1and1.net\/?page_id=1106"},"modified":"2016-03-11T15:02:53","modified_gmt":"2016-03-11T15:02:53","slug":"performance","status":"publish","type":"page","link":"https:\/\/albertobernal.net\/es\/works\/format\/performance","title":{"rendered":"acciones y performances"},"content":{"rendered":"<p><strong><em><a style=\"color: #998374;\" href=\"https:\/\/albertobernal.net\/format\">\u2192 obras por formato<\/a><\/em><\/strong><\/p>\n<hr \/>\n<p><div class=\"pt-cv-wrapper\"><div class=\"pt-cv-view pt-cv-grid pt-cv-colsys pt-cv-left\" id=\"pt-cv-view-1a3c3ad56e\"><div data-id=\"pt-cv-page-1\" class=\"pt-cv-page\" data-cvc=\"4\"><div class=\"col-md-3 col-sm-3 col-xs-12 pt-cv-content-item pt-cv-1-col\" ><div class='pt-cv-ifield'><a href=\"https:\/\/albertobernal.net\/es\/caminar\" class=\"_blank pt-cv-href-thumbnail pt-cv-thumb-default\" target=\"_blank\" ><img loading=\"lazy\" decoding=\"async\" width=\"300\" height=\"225\" src=\"https:\/\/albertobernal.net\/wp-content\/uploads\/2025\/10\/CAMINAR-300x225.gif\" class=\"pt-cv-thumbnail img-none\" alt=\"caminar\" \/><\/a>\n<h4 class=\"pt-cv-title\"><a href=\"https:\/\/albertobernal.net\/es\/caminar\" class=\"_blank\" target=\"_blank\" >caminar<\/a><\/h4>\n<div class=\"pt-cv-content\">50 performers caminantes (2025)<\/div><\/div><\/div>\n<div class=\"col-md-3 col-sm-3 col-xs-12 pt-cv-content-item pt-cv-1-col\" ><div class='pt-cv-ifield'><a href=\"https:\/\/albertobernal.net\/es\/passage\" class=\"_blank pt-cv-href-thumbnail pt-cv-thumb-default\" target=\"_blank\" ><img loading=\"lazy\" decoding=\"async\" width=\"300\" height=\"224\" src=\"https:\/\/albertobernal.net\/wp-content\/uploads\/2024\/11\/passage1-300x224.gif\" class=\"pt-cv-thumbnail img-none\" alt=\"passage\" \/><\/a>\n<h4 class=\"pt-cv-title\"><a href=\"https:\/\/albertobernal.net\/es\/passage\" class=\"_blank\" target=\"_blank\" >passage<\/a><\/h4>\n<div class=\"pt-cv-content\">cuarteto de percusi\u00f3n+ 30 m\u00fasicos m\u00f3viles (2024)<\/div><\/div><\/div>\n<div class=\"col-md-3 col-sm-3 col-xs-12 pt-cv-content-item pt-cv-1-col\" ><div class='pt-cv-ifield'><a href=\"https:\/\/albertobernal.net\/es\/neoliberal-systems-4-entertainment\" class=\"_blank pt-cv-href-thumbnail pt-cv-thumb-default\" target=\"_blank\" ><img loading=\"lazy\" decoding=\"async\" width=\"300\" height=\"225\" src=\"https:\/\/albertobernal.net\/wp-content\/uploads\/2021\/11\/nls4-gif-300x225.gif\" class=\"pt-cv-thumbnail img-none\" alt=\"\" \/><\/a>\n<h4 class=\"pt-cv-title\"><a href=\"https:\/\/albertobernal.net\/es\/neoliberal-systems-4-entertainment\" class=\"_blank\" target=\"_blank\" >(neo)liberal systems #4 \u00abentertainment\u00bb<\/a><\/h4>\n<div class=\"pt-cv-content\">dispositivo t\u00e1ctil + videoproyecci\u00f3n (2021)<\/div><\/div><\/div>\n<div class=\"col-md-3 col-sm-3 col-xs-12 pt-cv-content-item pt-cv-1-col\" ><div class='pt-cv-ifield'><a href=\"https:\/\/albertobernal.net\/es\/occupyyourself\" class=\"_blank pt-cv-href-thumbnail pt-cv-thumb-default\" target=\"_blank\" ><img loading=\"lazy\" decoding=\"async\" width=\"300\" height=\"225\" src=\"https:\/\/albertobernal.net\/wp-content\/uploads\/2021\/07\/oys-300x225.gif\" class=\"pt-cv-thumbnail img-none\" alt=\"\" \/><\/a>\n<h4 class=\"pt-cv-title\"><a href=\"https:\/\/albertobernal.net\/es\/occupyyourself\" class=\"_blank\" target=\"_blank\" >#OccupyYourself<\/a><\/h4>\n<div class=\"pt-cv-content\">instalaci\u00f3n performativa para 4 percusionistas aislados en tiendas de campa\u00f1a durante 12 horas en el espacio p\u00fablico (2021)<\/div><\/div><\/div>\n<div class=\"col-md-3 col-sm-3 col-xs-12 pt-cv-content-item pt-cv-1-col\" ><div class='pt-cv-ifield'><a href=\"https:\/\/albertobernal.net\/es\/dispersion-concentracion\" class=\"_blank pt-cv-href-thumbnail pt-cv-thumb-default\" target=\"_blank\" ><img loading=\"lazy\" decoding=\"async\" width=\"300\" height=\"225\" src=\"https:\/\/albertobernal.net\/wp-content\/uploads\/2016\/12\/2109-300x225.gif\" class=\"pt-cv-thumbnail img-none\" alt=\"\" \/><\/a>\n<h4 class=\"pt-cv-title\"><a href=\"https:\/\/albertobernal.net\/es\/dispersion-concentracion\" class=\"_blank\" target=\"_blank\" >dispersi\u00f3n \/ concentraci\u00f3n<\/a><\/h4>\n<div class=\"pt-cv-content\">15 sax, 15 perc. (2016)<\/div><\/div><\/div>\n<div class=\"col-md-3 col-sm-3 col-xs-12 pt-cv-content-item pt-cv-1-col\" ><div class='pt-cv-ifield'><a href=\"https:\/\/albertobernal.net\/es\/300kg-of-music\" class=\"_blank pt-cv-href-thumbnail pt-cv-thumb-default\" target=\"_blank\" ><img loading=\"lazy\" decoding=\"async\" width=\"300\" height=\"225\" src=\"https:\/\/albertobernal.net\/wp-content\/uploads\/2016\/07\/300kg-300x225.gif\" class=\"pt-cv-thumbnail img-none\" alt=\"\" \/><\/a>\n<h4 class=\"pt-cv-title\"><a href=\"https:\/\/albertobernal.net\/es\/300kg-of-music\" class=\"_blank\" target=\"_blank\" >300kg of music<\/a><\/h4>\n<div class=\"pt-cv-content\">Performer, 2 percusionistas + coche (2016)<\/div><\/div><\/div>\n<div class=\"col-md-3 col-sm-3 col-xs-12 pt-cv-content-item pt-cv-1-col\" ><div class='pt-cv-ifield'><a href=\"https:\/\/albertobernal.net\/es\/the-spectacle-is-capital\" class=\"_blank pt-cv-href-thumbnail pt-cv-thumb-default\" target=\"_blank\" ><img loading=\"lazy\" decoding=\"async\" width=\"300\" height=\"225\" src=\"https:\/\/albertobernal.net\/wp-content\/uploads\/2015\/12\/espectaculo-300x225.jpg\" class=\"pt-cv-thumbnail img-none\" alt=\"\" srcset=\"https:\/\/albertobernal.net\/wp-content\/uploads\/2015\/12\/espectaculo-300x225.jpg 300w, https:\/\/albertobernal.net\/wp-content\/uploads\/2015\/12\/espectaculo.jpg 320w\" sizes=\"auto, (max-width: 300px) 100vw, 300px\" \/><\/a>\n<h4 class=\"pt-cv-title\"><a href=\"https:\/\/albertobernal.net\/es\/the-spectacle-is-capital\" class=\"_blank\" target=\"_blank\" >el espect\u00e1culo es el capital en un grado tal de acumulaci\u00f3n que se ha convertido en imagen<\/a><\/h4>\n<div class=\"pt-cv-content\">performer + electr\u00f3nica y v\u00eddeo en tiempo real (2015)<\/div><\/div><\/div>\n<div class=\"col-md-3 col-sm-3 col-xs-12 pt-cv-content-item pt-cv-1-col\" ><div class='pt-cv-ifield'><a href=\"https:\/\/albertobernal.net\/es\/mobile\" class=\"_blank pt-cv-href-thumbnail pt-cv-thumb-default\" target=\"_blank\" ><img loading=\"lazy\" decoding=\"async\" width=\"300\" height=\"225\" src=\"https:\/\/albertobernal.net\/wp-content\/uploads\/2015\/08\/mobile2-300x225.gif\" class=\"pt-cv-thumbnail img-none\" alt=\"mobile\" \/><\/a>\n<h4 class=\"pt-cv-title\"><a href=\"https:\/\/albertobernal.net\/es\/mobile\" class=\"_blank\" target=\"_blank\" >mobile<\/a><\/h4>\n<div class=\"pt-cv-content\">obra para jard\u00edn, caminante y percusi\u00f3n (2015)<\/div><\/div><\/div>\n<div class=\"col-md-3 col-sm-3 col-xs-12 pt-cv-content-item pt-cv-1-col\" ><div class='pt-cv-ifield'><a href=\"https:\/\/albertobernal.net\/es\/sound-statements\" class=\"_blank pt-cv-href-thumbnail pt-cv-thumb-default\" target=\"_blank\" ><img loading=\"lazy\" decoding=\"async\" width=\"300\" height=\"225\" src=\"https:\/\/albertobernal.net\/wp-content\/uploads\/2015\/08\/statements-300x225.gif\" class=\"pt-cv-thumbnail img-none\" alt=\"sound statements\" \/><\/a>\n<h4 class=\"pt-cv-title\"><a href=\"https:\/\/albertobernal.net\/es\/sound-statements\" class=\"_blank\" target=\"_blank\" >sound statements<\/a><\/h4>\n<div class=\"pt-cv-content\">blog de statements sonoros (2014-)<\/div><\/div><\/div>\n<div class=\"col-md-3 col-sm-3 col-xs-12 pt-cv-content-item pt-cv-1-col\" ><div class='pt-cv-ifield'><a href=\"https:\/\/albertobernal.net\/es\/how-to-unbalance-the-pressures-2\" class=\"_blank pt-cv-href-thumbnail pt-cv-thumb-default\" target=\"_blank\" ><img loading=\"lazy\" decoding=\"async\" width=\"300\" height=\"225\" src=\"https:\/\/albertobernal.net\/wp-content\/uploads\/2015\/08\/como-solo-300x225.jpg\" class=\"pt-cv-thumbnail img-none\" alt=\"\" srcset=\"https:\/\/albertobernal.net\/wp-content\/uploads\/2015\/08\/como-solo-300x225.jpg 300w, https:\/\/albertobernal.net\/wp-content\/uploads\/2015\/08\/como-solo.jpg 320w\" sizes=\"auto, (max-width: 300px) 100vw, 300px\" \/><\/a>\n<h4 class=\"pt-cv-title\"><a href=\"https:\/\/albertobernal.net\/es\/how-to-unbalance-the-pressures-2\" class=\"_blank\" target=\"_blank\" >\u00bfc\u00f3mo desequilibrar las presiones que se corresponden por una y otra parte de la membrana?<\/a><\/h4>\n<div class=\"pt-cv-content\">performer y electr\u00f3nica en vivo (2014)<\/div><\/div><\/div><\/div><\/div><\/div>\t\t\t<style type=\"text\/css\" id=\"pt-cv-inline-style-ffe178en7y\">#pt-cv-view-1a3c3ad56e .pt-cv-title a, #pt-cv-view-1a3c3ad56e  .panel-title { font-family: 'Noto Sans', Arial, serif !important; font-size: 14px !important; }\n#pt-cv-view-1a3c3ad56e .pt-cv-content , #pt-cv-view-1a3c3ad56e  .carousel-caption { font-family: 'Noto Sans', Arial, serif !important; font-size: 12px !important; }\n#pt-cv-view-1a3c3ad56e { text-align: left !important; }<\/style>\r\n\t\t\t<\/p>","protected":false},"excerpt":{"rendered":"<p>\u2192 obras por formato<\/p>\n","protected":false},"author":1,"featured_media":0,"parent":1133,"menu_order":11,"comment_status":"closed","ping_status":"closed","template":"page-full.php","meta":{"footnotes":""},"class_list":["post-1106","page","type-page","status-publish","hentry"],"_links":{"self":[{"href":"https:\/\/albertobernal.net\/es\/wp-json\/wp\/v2\/pages\/1106","targetHints":{"allow":["GET"]}}],"collection":[{"href":"https:\/\/albertobernal.net\/es\/wp-json\/wp\/v2\/pages"}],"about":[{"href":"https:\/\/albertobernal.net\/es\/wp-json\/wp\/v2\/types\/page"}],"author":[{"embeddable":true,"href":"https:\/\/albertobernal.net\/es\/wp-json\/wp\/v2\/users\/1"}],"replies":[{"embeddable":true,"href":"https:\/\/albertobernal.net\/es\/wp-json\/wp\/v2\/comments?post=1106"}],"version-history":[{"count":5,"href":"https:\/\/albertobernal.net\/es\/wp-json\/wp\/v2\/pages\/1106\/revisions"}],"predecessor-version":[{"id":3437,"href":"https:\/\/albertobernal.net\/es\/wp-json\/wp\/v2\/pages\/1106\/revisions\/3437"}],"up":[{"embeddable":true,"href":"https:\/\/albertobernal.net\/es\/wp-json\/wp\/v2\/pages\/1133"}],"wp:attachment":[{"href":"https:\/\/albertobernal.net\/es\/wp-json\/wp\/v2\/media?parent=1106"}],"curies":[{"name":"wp","href":"https:\/\/api.w.org\/{rel}","templated":true}]}}