{"id":1107,"date":"2015-08-20T16:56:38","date_gmt":"2015-08-20T16:56:38","guid":{"rendered":"http:\/\/albertobernalcomposer.apps-1and1.net\/?page_id=1107"},"modified":"2015-09-04T12:10:21","modified_gmt":"2015-09-04T12:10:21","slug":"percussion","status":"publish","type":"page","link":"https:\/\/albertobernal.net\/es\/works\/format\/percussion","title":{"rendered":"percusi\u00f3n"},"content":{"rendered":"<p><strong><em><a style=\"color: #998374;\" href=\"https:\/\/albertobernal.net\/format\">\u2192 obras por formato<\/a><\/em><\/strong><\/p>\n<hr \/>\n<p><div class=\"pt-cv-wrapper\"><div class=\"pt-cv-view pt-cv-grid pt-cv-colsys pt-cv-left\" id=\"pt-cv-view-da54cf3b51\"><div data-id=\"pt-cv-page-1\" class=\"pt-cv-page\" data-cvc=\"4\"><div class=\"col-md-3 col-sm-3 col-xs-12 pt-cv-content-item pt-cv-1-col\" ><div class='pt-cv-ifield'><a href=\"https:\/\/albertobernal.net\/es\/islave\" class=\"_blank pt-cv-href-thumbnail pt-cv-thumb-default\" target=\"_blank\" ><img loading=\"lazy\" decoding=\"async\" width=\"300\" height=\"225\" src=\"https:\/\/albertobernal.net\/wp-content\/uploads\/2024\/02\/iSlave-300x225.gif\" class=\"pt-cv-thumbnail img-none\" alt=\"\" \/><\/a>\n<h4 class=\"pt-cv-title\"><a href=\"https:\/\/albertobernal.net\/es\/islave\" class=\"_blank\" target=\"_blank\" >iSlave<\/a><\/h4>\n<div class=\"pt-cv-content\">\u00d3pera de c\u00e1mara (2024)<\/div><\/div><\/div>\n<div class=\"col-md-3 col-sm-3 col-xs-12 pt-cv-content-item pt-cv-1-col\" ><div class='pt-cv-ifield'><a href=\"https:\/\/albertobernal.net\/es\/occupyyourself\" class=\"_blank pt-cv-href-thumbnail pt-cv-thumb-default\" target=\"_blank\" ><img loading=\"lazy\" decoding=\"async\" width=\"300\" height=\"225\" src=\"https:\/\/albertobernal.net\/wp-content\/uploads\/2021\/07\/oys-300x225.gif\" class=\"pt-cv-thumbnail img-none\" alt=\"\" \/><\/a>\n<h4 class=\"pt-cv-title\"><a href=\"https:\/\/albertobernal.net\/es\/occupyyourself\" class=\"_blank\" target=\"_blank\" >#OccupyYourself<\/a><\/h4>\n<div class=\"pt-cv-content\">instalaci\u00f3n performativa para 4 percusionistas aislados en tiendas de campa\u00f1a durante 12 horas en el espacio p\u00fablico (2021)<\/div><\/div><\/div>\n<div class=\"col-md-3 col-sm-3 col-xs-12 pt-cv-content-item pt-cv-1-col\" ><div class='pt-cv-ifield'><a href=\"https:\/\/albertobernal.net\/es\/dispersion-concentracion\" class=\"_blank pt-cv-href-thumbnail pt-cv-thumb-default\" target=\"_blank\" ><img loading=\"lazy\" decoding=\"async\" width=\"300\" height=\"225\" src=\"https:\/\/albertobernal.net\/wp-content\/uploads\/2016\/12\/2109-300x225.gif\" class=\"pt-cv-thumbnail img-none\" alt=\"\" \/><\/a>\n<h4 class=\"pt-cv-title\"><a href=\"https:\/\/albertobernal.net\/es\/dispersion-concentracion\" class=\"_blank\" target=\"_blank\" >dispersi\u00f3n \/ concentraci\u00f3n<\/a><\/h4>\n<div class=\"pt-cv-content\">15 sax, 15 perc. (2016)<\/div><\/div><\/div>\n<div class=\"col-md-3 col-sm-3 col-xs-12 pt-cv-content-item pt-cv-1-col\" ><div class='pt-cv-ifield'><a href=\"https:\/\/albertobernal.net\/es\/300kg-of-music\" class=\"_blank pt-cv-href-thumbnail pt-cv-thumb-default\" target=\"_blank\" ><img loading=\"lazy\" decoding=\"async\" width=\"300\" height=\"225\" src=\"https:\/\/albertobernal.net\/wp-content\/uploads\/2016\/07\/300kg-300x225.gif\" class=\"pt-cv-thumbnail img-none\" alt=\"\" \/><\/a>\n<h4 class=\"pt-cv-title\"><a href=\"https:\/\/albertobernal.net\/es\/300kg-of-music\" class=\"_blank\" target=\"_blank\" >300kg of music<\/a><\/h4>\n<div class=\"pt-cv-content\">Performer, 2 percusionistas + coche (2016)<\/div><\/div><\/div>\n<div class=\"col-md-3 col-sm-3 col-xs-12 pt-cv-content-item pt-cv-1-col\" ><div class='pt-cv-ifield'><a href=\"https:\/\/albertobernal.net\/es\/ritratto-senza-voce\" class=\"_blank pt-cv-href-thumbnail pt-cv-thumb-default\" target=\"_blank\" ><img loading=\"lazy\" decoding=\"async\" width=\"300\" height=\"225\" src=\"https:\/\/albertobernal.net\/wp-content\/uploads\/2017\/05\/rsv-1-300x225.gif\" class=\"pt-cv-thumbnail img-none\" alt=\"\" \/><\/a>\n<h4 class=\"pt-cv-title\"><a href=\"https:\/\/albertobernal.net\/es\/ritratto-senza-voce\" class=\"_blank\" target=\"_blank\" >ritratto senza voce (Billie Holiday)<\/a><\/h4>\n<div class=\"pt-cv-content\">percusi\u00f3n + v\u00eddeo (2016)<\/div><\/div><\/div>\n<div class=\"col-md-3 col-sm-3 col-xs-12 pt-cv-content-item pt-cv-1-col\" ><div class='pt-cv-ifield'><a href=\"https:\/\/albertobernal.net\/es\/mobile\" class=\"_blank pt-cv-href-thumbnail pt-cv-thumb-default\" target=\"_blank\" ><img loading=\"lazy\" decoding=\"async\" width=\"300\" height=\"225\" src=\"https:\/\/albertobernal.net\/wp-content\/uploads\/2015\/08\/mobile2-300x225.gif\" class=\"pt-cv-thumbnail img-none\" alt=\"mobile\" \/><\/a>\n<h4 class=\"pt-cv-title\"><a href=\"https:\/\/albertobernal.net\/es\/mobile\" class=\"_blank\" target=\"_blank\" >mobile<\/a><\/h4>\n<div class=\"pt-cv-content\">obra para jard\u00edn, caminante y percusi\u00f3n (2015)<\/div><\/div><\/div>\n<div class=\"col-md-3 col-sm-3 col-xs-12 pt-cv-content-item pt-cv-1-col\" ><div class='pt-cv-ifield'><a href=\"https:\/\/albertobernal.net\/es\/impossible-translations-3b\" class=\"_blank pt-cv-href-thumbnail pt-cv-thumb-default\" target=\"_blank\" ><img loading=\"lazy\" decoding=\"async\" width=\"300\" height=\"225\" src=\"https:\/\/albertobernal.net\/wp-content\/uploads\/2015\/08\/it3-300x225.gif\" class=\"pt-cv-thumbnail img-none\" alt=\"\" \/><\/a>\n<h4 class=\"pt-cv-title\"><a href=\"https:\/\/albertobernal.net\/es\/impossible-translations-3b\" class=\"_blank\" target=\"_blank\" >impossible translations #3b<\/a><\/h4>\n<div class=\"pt-cv-content\">percusi\u00f3n + v\u00eddeo (2011)<\/div><\/div><\/div>\n<div class=\"col-md-3 col-sm-3 col-xs-12 pt-cv-content-item pt-cv-1-col\" ><div class='pt-cv-ifield'><a href=\"https:\/\/albertobernal.net\/es\/anatomy\" class=\"_blank pt-cv-href-thumbnail pt-cv-thumb-default\" target=\"_blank\" ><img loading=\"lazy\" decoding=\"async\" width=\"300\" height=\"225\" src=\"https:\/\/albertobernal.net\/wp-content\/uploads\/2015\/08\/anatomia-300x225.gif\" class=\"pt-cv-thumbnail img-none\" alt=\"anatomia\" \/><\/a>\n<h4 class=\"pt-cv-title\"><a href=\"https:\/\/albertobernal.net\/es\/anatomy\" class=\"_blank\" target=\"_blank\" >anatom\u00eda de una marcha militar<\/a><\/h4>\n<div class=\"pt-cv-content\">3 percusionistas (2008)<\/div><\/div><\/div>\n<div class=\"col-md-3 col-sm-3 col-xs-12 pt-cv-content-item pt-cv-1-col\" ><div class='pt-cv-ifield'><a href=\"https:\/\/albertobernal.net\/es\/through-the-wall\" class=\"_blank pt-cv-href-thumbnail pt-cv-thumb-default\" target=\"_blank\" ><img loading=\"lazy\" decoding=\"async\" width=\"300\" height=\"225\" src=\"https:\/\/albertobernal.net\/wp-content\/uploads\/2015\/08\/through_the_wall-300x225.gif\" class=\"pt-cv-thumbnail img-none\" alt=\"through the wall\" \/><\/a>\n<h4 class=\"pt-cv-title\"><a href=\"https:\/\/albertobernal.net\/es\/through-the-wall\" class=\"_blank\" target=\"_blank\" >through the wall<\/a><\/h4>\n<div class=\"pt-cv-content\">3 percusionistas, viol\u00edn, violoncello y piano + electr\u00f3nica (2007)<\/div><\/div><\/div>\n<div class=\"col-md-3 col-sm-3 col-xs-12 pt-cv-content-item pt-cv-1-col\" ><div class='pt-cv-ifield'><a href=\"https:\/\/albertobernal.net\/es\/cycle-deconstruction\" class=\"_blank pt-cv-href-thumbnail pt-cv-thumb-default\" target=\"_blank\" ><img loading=\"lazy\" decoding=\"async\" width=\"300\" height=\"225\" src=\"https:\/\/albertobernal.net\/wp-content\/uploads\/2015\/08\/cycle-300x225.gif\" class=\"pt-cv-thumbnail img-none\" alt=\"\" \/><\/a>\n<h4 class=\"pt-cv-title\"><a href=\"https:\/\/albertobernal.net\/es\/cycle-deconstruction\" class=\"_blank\" target=\"_blank\" >de la deconstrucci\u00f3n de un ciclo<\/a><\/h4>\n<div class=\"pt-cv-content\">2 pno, 2 perc + tape opcional (2005)<\/div><\/div><\/div>\n<div class=\"col-md-3 col-sm-3 col-xs-12 pt-cv-content-item pt-cv-1-col\" ><div class='pt-cv-ifield'><a href=\"https:\/\/albertobernal.net\/es\/roll-deconstruction\" class=\"_blank pt-cv-href-thumbnail pt-cv-thumb-default\" target=\"_blank\" ><img loading=\"lazy\" decoding=\"async\" width=\"300\" height=\"225\" src=\"https:\/\/albertobernal.net\/wp-content\/uploads\/2015\/08\/roll-300x225.gif\" class=\"pt-cv-thumbnail img-none\" alt=\"\" \/><\/a>\n<h4 class=\"pt-cv-title\"><a href=\"https:\/\/albertobernal.net\/es\/roll-deconstruction\" class=\"_blank\" target=\"_blank\" >de la deconstrucci\u00f3n de un redoble militar<\/a><\/h4>\n<div class=\"pt-cv-content\">2 percusionistas (2005)<\/div><\/div><\/div>\n<div class=\"col-md-3 col-sm-3 col-xs-12 pt-cv-content-item pt-cv-1-col\" ><div class='pt-cv-ifield'><a href=\"https:\/\/albertobernal.net\/es\/sotto\" class=\"_blank pt-cv-href-thumbnail pt-cv-thumb-default\" target=\"_blank\" ><img loading=\"lazy\" decoding=\"async\" width=\"300\" height=\"225\" src=\"https:\/\/albertobernal.net\/wp-content\/uploads\/2015\/08\/sotto1-300x225.gif\" class=\"pt-cv-thumbnail img-none\" alt=\"sotto\" \/><\/a>\n<h4 class=\"pt-cv-title\"><a href=\"https:\/\/albertobernal.net\/es\/sotto\" class=\"_blank\" target=\"_blank\" >sotto<\/a><\/h4>\n<div class=\"pt-cv-content\">3 percusionistas y ensemble (2005)<\/div><\/div><\/div><\/div><\/div><\/div>\t\t\t<style type=\"text\/css\" id=\"pt-cv-inline-style-3d46350yxk\">#pt-cv-view-da54cf3b51 .pt-cv-title a, #pt-cv-view-da54cf3b51  .panel-title { font-family: 'Noto Sans', Arial, serif !important; font-size: 14px !important; }\n#pt-cv-view-da54cf3b51 .pt-cv-content , #pt-cv-view-da54cf3b51  .carousel-caption { font-family: 'Noto Sans', Arial, serif !important; font-size: 12px !important; }\n#pt-cv-view-da54cf3b51 .pt-cv-tao  { font-size: 20px !important; }\n#pt-cv-view-da54cf3b51 { text-align: left !important; }<\/style>\r\n\t\t\t<\/p>","protected":false},"excerpt":{"rendered":"<p>\u2192 obras por formato<\/p>\n","protected":false},"author":1,"featured_media":0,"parent":1133,"menu_order":6,"comment_status":"closed","ping_status":"closed","template":"page-full.php","meta":{"footnotes":""},"class_list":["post-1107","page","type-page","status-publish","hentry"],"_links":{"self":[{"href":"https:\/\/albertobernal.net\/es\/wp-json\/wp\/v2\/pages\/1107","targetHints":{"allow":["GET"]}}],"collection":[{"href":"https:\/\/albertobernal.net\/es\/wp-json\/wp\/v2\/pages"}],"about":[{"href":"https:\/\/albertobernal.net\/es\/wp-json\/wp\/v2\/types\/page"}],"author":[{"embeddable":true,"href":"https:\/\/albertobernal.net\/es\/wp-json\/wp\/v2\/users\/1"}],"replies":[{"embeddable":true,"href":"https:\/\/albertobernal.net\/es\/wp-json\/wp\/v2\/comments?post=1107"}],"version-history":[{"count":3,"href":"https:\/\/albertobernal.net\/es\/wp-json\/wp\/v2\/pages\/1107\/revisions"}],"predecessor-version":[{"id":2070,"href":"https:\/\/albertobernal.net\/es\/wp-json\/wp\/v2\/pages\/1107\/revisions\/2070"}],"up":[{"embeddable":true,"href":"https:\/\/albertobernal.net\/es\/wp-json\/wp\/v2\/pages\/1133"}],"wp:attachment":[{"href":"https:\/\/albertobernal.net\/es\/wp-json\/wp\/v2\/media?parent=1107"}],"curies":[{"name":"wp","href":"https:\/\/api.w.org\/{rel}","templated":true}]}}