{"id":1532,"date":"2015-08-26T11:33:44","date_gmt":"2015-08-26T11:33:44","guid":{"rendered":"http:\/\/albertobernalcomposer.apps-1and1.net\/?page_id=1532"},"modified":"2015-10-15T21:49:15","modified_gmt":"2015-10-15T21:49:15","slug":"sound-statements","status":"publish","type":"page","link":"https:\/\/albertobernal.net\/es\/sound-statements","title":{"rendered":"sound statements"},"content":{"rendered":"<p><\/p>\n<hr \/>\n<h3 style=\"text-align: center;\"><\/h3>\n<h2 style=\"text-align: center;\"><a href=\"http:\/\/soundstatements.tumblr.com\/\" target=\"_blank\">http:\/\/soundstatements.tumblr.com\/<\/a><\/h2>\n<h3 style=\"text-align: center;\">blog de <em>statements<\/em> sonoros: partituras de acci\u00f3n, sonidos grabados, acciones sonoras<\/h3>\n<hr \/>\n<h3 style=\"text-align: center;\"><\/h3>\n<p style=\"text-align: justify;\"><em>\u00a0De igual manera que podemos pensar en la instalaci\u00f3n sonora como una obra de tiempo infinitamente grande, \u00bfpodr\u00edamos concebir un fen\u00f3meno musical o sonoro de tiempo infinitamente peque\u00f1o? \u00bfQu\u00e9 dimensiones podr\u00eda tener ese tiempo, ese instante? \u00bfQu\u00e9 consecuencias (y posibilidades) tendr\u00eda para la obra y para su escucha?<\/em><\/p>\n<p style=\"text-align: justify;\"><em>En cierto sentido, ser\u00eda como querer inventar la fotograf\u00eda a partir del cine, a trav\u00e9s de la congelaci\u00f3n de instantes habitualmente experimentados como tiempo continuo. Se tratar\u00eda de intentar crear una experiencia musical del instante.<\/em><\/p>\n<p style=\"text-align: justify;\"><em>Si en la instalaci\u00f3n sonora la dilataci\u00f3n del tiempo act\u00faa tambi\u00e9n como dilatadora de la percepci\u00f3n del sonido (posibilitando as\u00ed la irrupci\u00f3n de otros elementos), \u00bfpodr\u00edamos pensar que la contracci\u00f3n del tiempo en un instante actuar\u00eda a su vez como un magnificador del contenido y todas sus implicaciones est\u00e9ticas o metaest\u00e9ticas?<\/em><\/p>\n<p style=\"text-align: justify;\"><em>Al viejo paradigma est\u00e9tico-musical de la diversidad podr\u00eda opon\u00e9rsele as\u00ed un hacer sobre la po\u00e9tica de lo \u201cuno\u201d, no ya \u00fanicamente un \u201cuno\u201d material que encuentra su variedad en la diferenciaci\u00f3n perceptiva que a\u00f1ade el tiempo (p. ej. La Monte Young), sino un \u201cuno\u201d material que ocurre en un \u00fanico \u201cuno\u201d temporal.<\/em><\/p>\n<p style=\"text-align: justify;\"><em>El \u201cstatement\u201d sonoro se muestra as\u00ed como una obra-instante en la que lo expuesto se presenta con la contundencia de una fuerza comprimida en un instante, con la radical singularidad y contingencia de las cosas que s\u00f3lo suceden una vez.<\/em><\/p>\n<p>\n\t\t<style type=\"text\/css\">\n\t\t\t#gallery-2 {\n\t\t\t\tmargin: auto;\n\t\t\t}\n\t\t\t#gallery-2 .gallery-item {\n\t\t\t\tfloat: left;\n\t\t\t\tmargin-top: 10px;\n\t\t\t\ttext-align: center;\n\t\t\t\twidth: 25%;\n\t\t\t}\n\t\t\t#gallery-2 img {\n\t\t\t\tborder: 2px solid #cfcfcf;\n\t\t\t}\n\t\t\t#gallery-2 .gallery-caption {\n\t\t\t\tmargin-left: 0;\n\t\t\t}\n\t\t\t\/* see gallery_shortcode() in wp-includes\/media.php *\/\n\t\t<\/style>\n\t\t<div id='gallery-2' class='gallery galleryid-1532 gallery-columns-4 gallery-size-medium'><dl class='gallery-item'>\n\t\t\t<dt class='gallery-icon landscape'>\n\t\t\t\t<a href='https:\/\/albertobernal.net\/wp-content\/uploads\/2015\/08\/14.jpg'><img loading=\"lazy\" decoding=\"async\" width=\"300\" height=\"168\" src=\"https:\/\/albertobernal.net\/wp-content\/uploads\/2015\/08\/14-300x168.jpg\" class=\"attachment-medium size-medium\" alt=\"sound statements #14\" aria-describedby=\"gallery-2-1549\" srcset=\"https:\/\/albertobernal.net\/wp-content\/uploads\/2015\/08\/14-300x168.jpg 300w, https:\/\/albertobernal.net\/wp-content\/uploads\/2015\/08\/14-1024x573.jpg 1024w, https:\/\/albertobernal.net\/wp-content\/uploads\/2015\/08\/14.jpg 1275w\" sizes=\"auto, (max-width: 300px) 100vw, 300px\" \/><\/a>\n\t\t\t<\/dt>\n\t\t\t\t<dd class='wp-caption-text gallery-caption' id='gallery-2-1549'>\n\t\t\t\t#14\n\t\t\t\t<\/dd><\/dl><dl class='gallery-item'>\n\t\t\t<dt class='gallery-icon landscape'>\n\t\t\t\t<a href='https:\/\/albertobernal.net\/wp-content\/uploads\/2015\/08\/11.jpg'><img loading=\"lazy\" decoding=\"async\" width=\"300\" height=\"168\" src=\"https:\/\/albertobernal.net\/wp-content\/uploads\/2015\/08\/11-300x168.jpg\" class=\"attachment-medium size-medium\" alt=\"sound statements #11\" aria-describedby=\"gallery-2-1548\" srcset=\"https:\/\/albertobernal.net\/wp-content\/uploads\/2015\/08\/11-300x168.jpg 300w, https:\/\/albertobernal.net\/wp-content\/uploads\/2015\/08\/11-1024x573.jpg 1024w, https:\/\/albertobernal.net\/wp-content\/uploads\/2015\/08\/11.jpg 1275w\" sizes=\"auto, (max-width: 300px) 100vw, 300px\" \/><\/a>\n\t\t\t<\/dt>\n\t\t\t\t<dd class='wp-caption-text gallery-caption' id='gallery-2-1548'>\n\t\t\t\t#11\n\t\t\t\t<\/dd><\/dl><dl class='gallery-item'>\n\t\t\t<dt class='gallery-icon landscape'>\n\t\t\t\t<a href='https:\/\/albertobernal.net\/wp-content\/uploads\/2015\/08\/10a.jpg'><img loading=\"lazy\" decoding=\"async\" width=\"300\" height=\"168\" src=\"https:\/\/albertobernal.net\/wp-content\/uploads\/2015\/08\/10a-300x168.jpg\" class=\"attachment-medium size-medium\" alt=\"sound statements #10\" aria-describedby=\"gallery-2-1547\" srcset=\"https:\/\/albertobernal.net\/wp-content\/uploads\/2015\/08\/10a-300x168.jpg 300w, https:\/\/albertobernal.net\/wp-content\/uploads\/2015\/08\/10a-1024x573.jpg 1024w, https:\/\/albertobernal.net\/wp-content\/uploads\/2015\/08\/10a.jpg 1275w\" sizes=\"auto, (max-width: 300px) 100vw, 300px\" \/><\/a>\n\t\t\t<\/dt>\n\t\t\t\t<dd class='wp-caption-text gallery-caption' id='gallery-2-1547'>\n\t\t\t\t#10\n\t\t\t\t<\/dd><\/dl><dl class='gallery-item'>\n\t\t\t<dt class='gallery-icon landscape'>\n\t\t\t\t<a href='https:\/\/albertobernal.net\/wp-content\/uploads\/2015\/08\/5.jpg'><img loading=\"lazy\" decoding=\"async\" width=\"300\" height=\"168\" src=\"https:\/\/albertobernal.net\/wp-content\/uploads\/2015\/08\/5-300x168.jpg\" class=\"attachment-medium size-medium\" alt=\"sound statements #5\" aria-describedby=\"gallery-2-1546\" srcset=\"https:\/\/albertobernal.net\/wp-content\/uploads\/2015\/08\/5-300x168.jpg 300w, https:\/\/albertobernal.net\/wp-content\/uploads\/2015\/08\/5-1024x573.jpg 1024w, https:\/\/albertobernal.net\/wp-content\/uploads\/2015\/08\/5.jpg 1275w\" sizes=\"auto, (max-width: 300px) 100vw, 300px\" \/><\/a>\n\t\t\t<\/dt>\n\t\t\t\t<dd class='wp-caption-text gallery-caption' id='gallery-2-1546'>\n\t\t\t\t#5\n\t\t\t\t<\/dd><\/dl><br style=\"clear: both\" \/>\n\t\t<\/div>\n<\/p>","protected":false},"excerpt":{"rendered":"<p>blog de statements sonoros<\/p>\n","protected":false},"author":1,"featured_media":1288,"parent":0,"menu_order":0,"comment_status":"closed","ping_status":"open","template":"page-full.php","meta":{"footnotes":""},"class_list":["post-1532","page","type-page","status-publish","has-post-thumbnail","hentry"],"_links":{"self":[{"href":"https:\/\/albertobernal.net\/es\/wp-json\/wp\/v2\/pages\/1532","targetHints":{"allow":["GET"]}}],"collection":[{"href":"https:\/\/albertobernal.net\/es\/wp-json\/wp\/v2\/pages"}],"about":[{"href":"https:\/\/albertobernal.net\/es\/wp-json\/wp\/v2\/types\/page"}],"author":[{"embeddable":true,"href":"https:\/\/albertobernal.net\/es\/wp-json\/wp\/v2\/users\/1"}],"replies":[{"embeddable":true,"href":"https:\/\/albertobernal.net\/es\/wp-json\/wp\/v2\/comments?post=1532"}],"version-history":[{"count":10,"href":"https:\/\/albertobernal.net\/es\/wp-json\/wp\/v2\/pages\/1532\/revisions"}],"predecessor-version":[{"id":2348,"href":"https:\/\/albertobernal.net\/es\/wp-json\/wp\/v2\/pages\/1532\/revisions\/2348"}],"wp:featuredmedia":[{"embeddable":true,"href":"https:\/\/albertobernal.net\/es\/wp-json\/wp\/v2\/media\/1288"}],"wp:attachment":[{"href":"https:\/\/albertobernal.net\/es\/wp-json\/wp\/v2\/media?parent=1532"}],"curies":[{"name":"wp","href":"https:\/\/api.w.org\/{rel}","templated":true}]}}