{"id":1540,"date":"2015-08-26T11:49:10","date_gmt":"2015-08-26T11:49:10","guid":{"rendered":"http:\/\/albertobernalcomposer.apps-1and1.net\/?page_id=1540"},"modified":"2015-10-15T21:49:39","modified_gmt":"2015-10-15T21:49:39","slug":"endphase","status":"publish","type":"page","link":"https:\/\/albertobernal.net\/es\/endphase","title":{"rendered":"endphase"},"content":{"rendered":"<p><\/p>\n<hr \/>\n<h2 style=\"text-align: center;\"><a href=\"http:\/\/endphase.net\/\" target=\"_blank\">http:\/\/endphase.net\/<\/a><\/h2>\n<h3 style=\"text-align: center;\">improvisaci\u00f3n electr\u00f3nica conceptual<\/h3>\n<hr \/>\n<p style=\"text-align: justify;\"><em> El proyecto <\/em>Endphase<em> naci\u00f3 en 2003 como iniciativa de los compositores Alberto Bernal, Jo\u00e3o Pais y Johannes Kreidler, relevado en 2008 por el artista Enrique Tom\u00e1s. La finalidad principal del proyecto se fundamenta en una b\u00fasqueda m\u00e1s all\u00e1 de cierto tipo de condicionantes musicales tradicionales; junto a aspectos\u00a0est\u00e9ticos, tambi\u00e9n otros de \u00edndole estil\u00edstica o t\u00e9cnica, si es que pueden separarse como tales. A partir de tal impulso, la iniciativa trata de explorar la improvisaci\u00f3n electroac\u00fastica conceptual como medio en el que determinadas ideas, conceptos y procedimientos art\u00edstico-musicales encuentran una v\u00eda de realizaci\u00f3n y superaci\u00f3n.<\/em><\/p>\n<p style=\"text-align: justify;\">Endphase\u00a0<em>estuvo activo durante 10 a\u00f1os, en los que se realizaron un gran n\u00famero de performances e instalaciones en <\/em><em>pa\u00edses como Alemania, Espa\u00f1a, Portugal, Holanda, Hungr\u00eda, Irlanda, M\u00e9xico, Austria, Noruega o China.<br \/>\n<\/em><\/p>\n<p>\n\t\t<style type=\"text\/css\">\n\t\t\t#gallery-2 {\n\t\t\t\tmargin: auto;\n\t\t\t}\n\t\t\t#gallery-2 .gallery-item {\n\t\t\t\tfloat: left;\n\t\t\t\tmargin-top: 10px;\n\t\t\t\ttext-align: center;\n\t\t\t\twidth: 50%;\n\t\t\t}\n\t\t\t#gallery-2 img {\n\t\t\t\tborder: 2px solid #cfcfcf;\n\t\t\t}\n\t\t\t#gallery-2 .gallery-caption {\n\t\t\t\tmargin-left: 0;\n\t\t\t}\n\t\t\t\/* see gallery_shortcode() in wp-includes\/media.php *\/\n\t\t<\/style>\n\t\t<div id='gallery-2' class='gallery galleryid-1540 gallery-columns-2 gallery-size-medium'><dl class='gallery-item'>\n\t\t\t<dt class='gallery-icon landscape'>\n\t\t\t\t<img loading=\"lazy\" decoding=\"async\" width=\"300\" height=\"225\" src=\"https:\/\/albertobernal.net\/wp-content\/uploads\/2015\/08\/endphase-2-300x225.jpg\" class=\"attachment-medium size-medium\" alt=\"endphase\" aria-describedby=\"gallery-2-1544\" srcset=\"https:\/\/albertobernal.net\/wp-content\/uploads\/2015\/08\/endphase-2-300x225.jpg 300w, https:\/\/albertobernal.net\/wp-content\/uploads\/2015\/08\/endphase-2.jpg 800w\" sizes=\"auto, (max-width: 300px) 100vw, 300px\" \/>\n\t\t\t<\/dt>\n\t\t\t\t<dd class='wp-caption-text gallery-caption' id='gallery-2-1544'>\n\t\t\t\tEndphase en Darmstadt 2004 (Pais, Bernal y Kreidler)\n\t\t\t\t<\/dd><\/dl>\n\t\t\t<br style='clear: both' \/>\n\t\t<\/div>\n<\/p>","protected":false},"excerpt":{"rendered":"<p>improvisaci\u00f3n electr\u00f3nica conceptual<\/p>\n","protected":false},"author":1,"featured_media":1595,"parent":0,"menu_order":0,"comment_status":"closed","ping_status":"open","template":"page-full.php","meta":{"footnotes":""},"class_list":["post-1540","page","type-page","status-publish","has-post-thumbnail","hentry"],"_links":{"self":[{"href":"https:\/\/albertobernal.net\/es\/wp-json\/wp\/v2\/pages\/1540","targetHints":{"allow":["GET"]}}],"collection":[{"href":"https:\/\/albertobernal.net\/es\/wp-json\/wp\/v2\/pages"}],"about":[{"href":"https:\/\/albertobernal.net\/es\/wp-json\/wp\/v2\/types\/page"}],"author":[{"embeddable":true,"href":"https:\/\/albertobernal.net\/es\/wp-json\/wp\/v2\/users\/1"}],"replies":[{"embeddable":true,"href":"https:\/\/albertobernal.net\/es\/wp-json\/wp\/v2\/comments?post=1540"}],"version-history":[{"count":10,"href":"https:\/\/albertobernal.net\/es\/wp-json\/wp\/v2\/pages\/1540\/revisions"}],"predecessor-version":[{"id":2349,"href":"https:\/\/albertobernal.net\/es\/wp-json\/wp\/v2\/pages\/1540\/revisions\/2349"}],"wp:featuredmedia":[{"embeddable":true,"href":"https:\/\/albertobernal.net\/es\/wp-json\/wp\/v2\/media\/1595"}],"wp:attachment":[{"href":"https:\/\/albertobernal.net\/es\/wp-json\/wp\/v2\/media?parent=1540"}],"curies":[{"name":"wp","href":"https:\/\/api.w.org\/{rel}","templated":true}]}}