{"id":1550,"date":"2015-08-26T12:01:52","date_gmt":"2015-08-26T12:01:52","guid":{"rendered":"http:\/\/albertobernalcomposer.apps-1and1.net\/?page_id=1550"},"modified":"2015-10-15T21:50:11","modified_gmt":"2015-10-15T21:50:11","slug":"experimental","status":"publish","type":"page","link":"https:\/\/albertobernal.net\/es\/experimental","title":{"rendered":"aula de m\u00fasica experimental"},"content":{"rendered":"<p><\/p>\n<hr \/>\n<h2 style=\"text-align: center;\"><a href=\"http:\/\/aulademusicaexperimental.blogspot.com\" target=\"_blank\">http:\/\/aulademusicaexperimental.blogspot.com<\/a><\/h2>\n<h3 style=\"text-align: center;\">iniciativa pedag\u00f3gica de m\u00fasica experimental, contempor\u00e1nea y arte sonoro<\/h3>\n<hr \/>\n<p style=\"text-align: justify;\"><em>El <\/em>Aula de M\u00fasica Experimental<em> es un proyecto pedag\u00f3gico fundado en 2007 por Alberto Bernal en la academia Aula de M\u00fasicas (Madrid), que intenta ofrecer un acercamiento pedag\u00f3gico y creativo a aquellas m\u00fasicas y propuestas que van m\u00e1s all\u00e1 de las convenciones habitualmente establecidas en los centros de ense\u00f1anza, que suelen rechazar o marginar cualquier tipo de iniciativa tomada en la m\u00fasica contempor\u00e1nea, la m\u00fasica de nuevos medios, la performance o la improvisaci\u00f3n libre. <\/em><br \/>\n<em> Adem\u00e1s de las clases regulares, un s\u00e1bado al mes se realizan encuentros adicionales en los que se plantean clases monogr\u00e1ficas, actividades fuera del centro (grabaciones de campo, visitas a instituciones relacionadas con las materias) y encuentros con otros artistas.<\/em><br \/>\n<em> Los trabajos realizados en el Aula, son tambi\u00e9n presentados y estrenados en otros espacios y eventos como la galer\u00eda Off Limits, La Noche de los Libros, programa Ars Sonora&#8230;<\/em><br \/>\n<em> Desde 2007, m\u00e1s de 80 alumnos de diversos perfiles y procedencias han participado en el proyecto.<\/em><\/p>\n<p><img loading=\"lazy\" decoding=\"async\" class=\"aligncenter wp-image-1600 size-medium\" src=\"https:\/\/albertobernal.net\/wp-content\/uploads\/2015\/08\/experimental-300x186.png\" alt=\"aula de m\u00fasica experimental\" width=\"300\" height=\"186\" srcset=\"https:\/\/albertobernal.net\/wp-content\/uploads\/2015\/08\/experimental-300x186.png 300w, https:\/\/albertobernal.net\/wp-content\/uploads\/2015\/08\/experimental.png 879w\" sizes=\"auto, (max-width: 300px) 100vw, 300px\" \/><\/p>","protected":false},"excerpt":{"rendered":"<p>iniciativa pedag\u00f3gica de m\u00fasica experimental, contempor\u00e1nea y arte sonoro<\/p>\n","protected":false},"author":1,"featured_media":1576,"parent":0,"menu_order":0,"comment_status":"closed","ping_status":"open","template":"page-full.php","meta":{"footnotes":""},"class_list":["post-1550","page","type-page","status-publish","has-post-thumbnail","hentry"],"_links":{"self":[{"href":"https:\/\/albertobernal.net\/es\/wp-json\/wp\/v2\/pages\/1550","targetHints":{"allow":["GET"]}}],"collection":[{"href":"https:\/\/albertobernal.net\/es\/wp-json\/wp\/v2\/pages"}],"about":[{"href":"https:\/\/albertobernal.net\/es\/wp-json\/wp\/v2\/types\/page"}],"author":[{"embeddable":true,"href":"https:\/\/albertobernal.net\/es\/wp-json\/wp\/v2\/users\/1"}],"replies":[{"embeddable":true,"href":"https:\/\/albertobernal.net\/es\/wp-json\/wp\/v2\/comments?post=1550"}],"version-history":[{"count":10,"href":"https:\/\/albertobernal.net\/es\/wp-json\/wp\/v2\/pages\/1550\/revisions"}],"predecessor-version":[{"id":2351,"href":"https:\/\/albertobernal.net\/es\/wp-json\/wp\/v2\/pages\/1550\/revisions\/2351"}],"wp:featuredmedia":[{"embeddable":true,"href":"https:\/\/albertobernal.net\/es\/wp-json\/wp\/v2\/media\/1576"}],"wp:attachment":[{"href":"https:\/\/albertobernal.net\/es\/wp-json\/wp\/v2\/media?parent=1550"}],"curies":[{"name":"wp","href":"https:\/\/api.w.org\/{rel}","templated":true}]}}