{"id":1558,"date":"2015-08-26T12:12:30","date_gmt":"2015-08-26T12:12:30","guid":{"rendered":"http:\/\/albertobernalcomposer.apps-1and1.net\/?page_id=1558"},"modified":"2016-04-17T14:53:24","modified_gmt":"2016-04-17T14:53:24","slug":"mce","status":"publish","type":"page","link":"https:\/\/albertobernal.net\/es\/mce","title":{"rendered":"M\u00e1ster en Composici\u00f3n Electroac\u00fastica"},"content":{"rendered":"<p><\/p>\n<hr \/>\n<h3 style=\"text-align: center;\"><a href=\"http:\/\/katarinagurska.com\/master-de-composicion-electroacustica-mce\/\" target=\"_blank\">http:\/\/katarinagurska.com\/master-de-composicion-electroacustica-mce\/<\/a><\/h3>\n<h3 style=\"text-align: center;\">M\u00e1ster oficial en Composici\u00f3n Electroac\u00fastica<\/h3>\n<hr \/>\n<p style=\"text-align: justify;\"><em>M\u00e1ster Oficial en Composici\u00f3n Electroac\u00fastica en el Centro Superior Katarina Gurska (Madrid). Dise\u00f1ado y dirigido por Alberto Bernal y <a href=\"http:\/\/sergioluque.com\/\" target=\"_blank\">Sergio Luque<\/a><\/em><\/p>\n<ul>\n<li style=\"text-align: justify;\"><em>Profesores<\/em>: Jos\u00e9 Manuel Berenguer, Alberto Bernal, Juan Carlos Blancas, Ram\u00f3n del Castillo, Miguel \u00c1ngel Fern\u00e1ndez, Sergio Luque y Enrique Tom\u00e1s<\/li>\n<li style=\"text-align: justify;\"><em>Profesores visitantes:<\/em> Mes\u00edas Maiguashca, Trevor Wishart y Phill Niblock<\/li>\n<li style=\"text-align: justify;\"><em>Profesores invitados:<\/em> Francisco L\u00f3pez, Adolfo N\u00fa\u00f1ez, Eduardo Polonio y Alberto Posadas<\/li>\n<\/ul>\n<p><a href=\"https:\/\/albertobernal.net\/wp-content\/uploads\/2015\/08\/Franjaelectroacustica.jpg\"><img loading=\"lazy\" decoding=\"async\" class=\"aligncenter wp-image-1602 \" src=\"https:\/\/albertobernal.net\/wp-content\/uploads\/2015\/08\/Franjaelectroacustica-300x56.jpg\" alt=\"mce\" width=\"300\" height=\"56\" srcset=\"https:\/\/albertobernal.net\/wp-content\/uploads\/2015\/08\/Franjaelectroacustica-300x56.jpg 300w, https:\/\/albertobernal.net\/wp-content\/uploads\/2015\/08\/Franjaelectroacustica-954x180.jpg 954w, https:\/\/albertobernal.net\/wp-content\/uploads\/2015\/08\/Franjaelectroacustica.jpg 960w\" sizes=\"auto, (max-width: 300px) 100vw, 300px\" \/><\/a><\/p>","protected":false},"excerpt":{"rendered":"<p>M\u00e1ster en Composici\u00f3n Electroac\u00fastica<\/p>\n","protected":false},"author":1,"featured_media":1575,"parent":0,"menu_order":0,"comment_status":"closed","ping_status":"closed","template":"page-full.php","meta":{"footnotes":""},"class_list":["post-1558","page","type-page","status-publish","has-post-thumbnail","hentry"],"_links":{"self":[{"href":"https:\/\/albertobernal.net\/es\/wp-json\/wp\/v2\/pages\/1558","targetHints":{"allow":["GET"]}}],"collection":[{"href":"https:\/\/albertobernal.net\/es\/wp-json\/wp\/v2\/pages"}],"about":[{"href":"https:\/\/albertobernal.net\/es\/wp-json\/wp\/v2\/types\/page"}],"author":[{"embeddable":true,"href":"https:\/\/albertobernal.net\/es\/wp-json\/wp\/v2\/users\/1"}],"replies":[{"embeddable":true,"href":"https:\/\/albertobernal.net\/es\/wp-json\/wp\/v2\/comments?post=1558"}],"version-history":[{"count":11,"href":"https:\/\/albertobernal.net\/es\/wp-json\/wp\/v2\/pages\/1558\/revisions"}],"predecessor-version":[{"id":2474,"href":"https:\/\/albertobernal.net\/es\/wp-json\/wp\/v2\/pages\/1558\/revisions\/2474"}],"wp:featuredmedia":[{"embeddable":true,"href":"https:\/\/albertobernal.net\/es\/wp-json\/wp\/v2\/media\/1575"}],"wp:attachment":[{"href":"https:\/\/albertobernal.net\/es\/wp-json\/wp\/v2\/media?parent=1558"}],"curies":[{"name":"wp","href":"https:\/\/api.w.org\/{rel}","templated":true}]}}