{"id":2460,"date":"2016-04-10T16:12:41","date_gmt":"2016-04-10T16:12:41","guid":{"rendered":"http:\/\/www.albertobernal.net\/?page_id=2460"},"modified":"2016-04-10T16:42:17","modified_gmt":"2016-04-10T16:42:17","slug":"lectures","status":"publish","type":"page","link":"https:\/\/albertobernal.net\/es\/works\/series\/lectures","title":{"rendered":"lecturas"},"content":{"rendered":"<p><\/p>\n<p style=\"padding-left: 30px; text-align: justify;\"><em> Bajo el t\u00edtulo <\/em>lecturas<em> se hallan agrupadas tres obras con un planteamiento com\u00fan: la lectura de un texto filos\u00f3fico es tomada como punto de partida para plantear un discurso sonoro a modo de materializaci\u00f3n sonora y\/o visual de algunos de los elementos planteados en el propio texto. El plano filos\u00f3fico de los textos desbordar\u00eda as\u00ed hacia el terreno de su relectura est\u00e9tica en forma de sonidos ajenos al texto, acciones esc\u00e9nicas o material audiovisual elaborado en tiempo real.<br \/>\n<\/em><\/p>\n<hr \/>\n<p><div class=\"pt-cv-wrapper\"><div class=\"pt-cv-view pt-cv-grid pt-cv-colsys pt-cv-left\" id=\"pt-cv-view-73288d57f3\"><div data-id=\"pt-cv-page-1\" class=\"pt-cv-page\" data-cvc=\"4\"><div class=\"col-md-3 col-sm-3 col-xs-12 pt-cv-content-item pt-cv-1-col\" ><div class='pt-cv-ifield'><a href=\"https:\/\/albertobernal.net\/es\/the-spectacle-is-capital\" class=\"_blank pt-cv-href-thumbnail pt-cv-thumb-default\" target=\"_blank\" ><img loading=\"lazy\" decoding=\"async\" width=\"300\" height=\"225\" src=\"https:\/\/albertobernal.net\/wp-content\/uploads\/2015\/12\/espectaculo-300x225.jpg\" class=\"pt-cv-thumbnail img-none\" alt=\"\" srcset=\"https:\/\/albertobernal.net\/wp-content\/uploads\/2015\/12\/espectaculo-300x225.jpg 300w, https:\/\/albertobernal.net\/wp-content\/uploads\/2015\/12\/espectaculo.jpg 320w\" sizes=\"auto, (max-width: 300px) 100vw, 300px\" \/><\/a>\n<h4 class=\"pt-cv-title\"><a href=\"https:\/\/albertobernal.net\/es\/the-spectacle-is-capital\" class=\"_blank\" target=\"_blank\" >el espect\u00e1culo es el capital en un grado tal de acumulaci\u00f3n que se ha convertido en imagen<\/a><\/h4>\n<div class=\"pt-cv-content\">performer + electr\u00f3nica y v\u00eddeo en tiempo real (2015)<br \/><div class=\"pt-cv-rmwrap\"><a href=\"https:\/\/albertobernal.net\/es\/the-spectacle-is-capital\" class=\"_blank pt-cv-readmore btn btn-success\" target=\"_blank\">more<\/a><\/div><\/div><\/div><\/div>\n<div class=\"col-md-3 col-sm-3 col-xs-12 pt-cv-content-item pt-cv-1-col\" ><div class='pt-cv-ifield'><a href=\"https:\/\/albertobernal.net\/es\/how-to-unbalance-the-pressures-2\" class=\"_blank pt-cv-href-thumbnail pt-cv-thumb-default\" target=\"_blank\" ><img loading=\"lazy\" decoding=\"async\" width=\"300\" height=\"225\" src=\"https:\/\/albertobernal.net\/wp-content\/uploads\/2015\/08\/como-solo-300x225.jpg\" class=\"pt-cv-thumbnail img-none\" alt=\"\" srcset=\"https:\/\/albertobernal.net\/wp-content\/uploads\/2015\/08\/como-solo-300x225.jpg 300w, https:\/\/albertobernal.net\/wp-content\/uploads\/2015\/08\/como-solo.jpg 320w\" sizes=\"auto, (max-width: 300px) 100vw, 300px\" \/><\/a>\n<h4 class=\"pt-cv-title\"><a href=\"https:\/\/albertobernal.net\/es\/how-to-unbalance-the-pressures-2\" class=\"_blank\" target=\"_blank\" >\u00bfc\u00f3mo desequilibrar las presiones que se corresponden por una y otra parte de la membrana?<\/a><\/h4>\n<div class=\"pt-cv-content\">performer y electr\u00f3nica en vivo (2014)<br \/><div class=\"pt-cv-rmwrap\"><a href=\"https:\/\/albertobernal.net\/es\/how-to-unbalance-the-pressures-2\" class=\"_blank pt-cv-readmore btn btn-success\" target=\"_blank\">more<\/a><\/div><\/div><\/div><\/div>\n<div class=\"col-md-3 col-sm-3 col-xs-12 pt-cv-content-item pt-cv-1-col\" ><div class='pt-cv-ifield'><a href=\"https:\/\/albertobernal.net\/es\/crowds-and-power-lecture\" class=\"_blank pt-cv-href-thumbnail pt-cv-thumb-default\" target=\"_blank\" ><img loading=\"lazy\" decoding=\"async\" width=\"300\" height=\"225\" src=\"https:\/\/albertobernal.net\/wp-content\/uploads\/2015\/08\/crowds-300x225.jpg\" class=\"pt-cv-thumbnail img-none\" alt=\"\" srcset=\"https:\/\/albertobernal.net\/wp-content\/uploads\/2015\/08\/crowds-300x225.jpg 300w, https:\/\/albertobernal.net\/wp-content\/uploads\/2015\/08\/crowds.jpg 320w\" sizes=\"auto, (max-width: 300px) 100vw, 300px\" \/><\/a>\n<h4 class=\"pt-cv-title\"><a href=\"https:\/\/albertobernal.net\/es\/crowds-and-power-lecture\" class=\"_blank\" target=\"_blank\" >masa y poder \/ lecture<\/a><\/h4>\n<div class=\"pt-cv-content\">performer y electr\u00f3nica en vivo (2010)<br \/><div class=\"pt-cv-rmwrap\"><a href=\"https:\/\/albertobernal.net\/es\/crowds-and-power-lecture\" class=\"_blank pt-cv-readmore btn btn-success\" target=\"_blank\">more<\/a><\/div><\/div><\/div><\/div><\/div><\/div><\/div>\t\t\t<style type=\"text\/css\" id=\"pt-cv-inline-style-9679d4d6fj\">#pt-cv-view-73288d57f3 .pt-cv-title a, #pt-cv-view-73288d57f3  .panel-title { font-family: 'Noto Sans', Arial, serif !important; font-size: 14px !important; }\n#pt-cv-view-73288d57f3 .pt-cv-content , #pt-cv-view-73288d57f3  .carousel-caption { font-family: 'Noto Sans', Arial, serif !important; font-size: 12px !important; }\n#pt-cv-view-73288d57f3 { text-align: left !important; }<\/style>\r\n\t\t\t<\/p>","protected":false},"excerpt":{"rendered":"<p>acciones performativas (2010-2015)<\/p>\n","protected":false},"author":1,"featured_media":2396,"parent":795,"menu_order":0,"comment_status":"closed","ping_status":"closed","template":"page-full.php","meta":{"footnotes":""},"class_list":["post-2460","page","type-page","status-publish","has-post-thumbnail","hentry"],"_links":{"self":[{"href":"https:\/\/albertobernal.net\/es\/wp-json\/wp\/v2\/pages\/2460","targetHints":{"allow":["GET"]}}],"collection":[{"href":"https:\/\/albertobernal.net\/es\/wp-json\/wp\/v2\/pages"}],"about":[{"href":"https:\/\/albertobernal.net\/es\/wp-json\/wp\/v2\/types\/page"}],"author":[{"embeddable":true,"href":"https:\/\/albertobernal.net\/es\/wp-json\/wp\/v2\/users\/1"}],"replies":[{"embeddable":true,"href":"https:\/\/albertobernal.net\/es\/wp-json\/wp\/v2\/comments?post=2460"}],"version-history":[{"count":2,"href":"https:\/\/albertobernal.net\/es\/wp-json\/wp\/v2\/pages\/2460\/revisions"}],"predecessor-version":[{"id":2463,"href":"https:\/\/albertobernal.net\/es\/wp-json\/wp\/v2\/pages\/2460\/revisions\/2463"}],"up":[{"embeddable":true,"href":"https:\/\/albertobernal.net\/es\/wp-json\/wp\/v2\/pages\/795"}],"wp:featuredmedia":[{"embeddable":true,"href":"https:\/\/albertobernal.net\/es\/wp-json\/wp\/v2\/media\/2396"}],"wp:attachment":[{"href":"https:\/\/albertobernal.net\/es\/wp-json\/wp\/v2\/media?parent=2460"}],"curies":[{"name":"wp","href":"https:\/\/api.w.org\/{rel}","templated":true}]}}