{"id":2561,"date":"2016-08-10T08:50:08","date_gmt":"2016-08-10T08:50:08","guid":{"rendered":"http:\/\/www.albertobernal.net\/?page_id=2561"},"modified":"2016-08-10T09:04:09","modified_gmt":"2016-08-10T09:04:09","slug":"relectures","status":"publish","type":"page","link":"https:\/\/albertobernal.net\/es\/works\/series\/relectures","title":{"rendered":"relecturas"},"content":{"rendered":"<p><\/p>\n<p style=\"padding-left: 30px; text-align: justify;\">Relecturas<em> es una serie en la que se plantean confrontaciones de obras musicales del pasado con su relectura contempor\u00e1nea, la cual se presenta en forma de una ruina de fragmentos deslavazados en los que parece resonar lo que la obra una vez fue.<br \/>\nDe aqu\u00ed emerge una especie de \u00abdiscurso de lo ausente\u00bb, donde la relevancia del material resultante es relegada a un segundo plano, queriendo pasar al primer plano de la experiencia est\u00e9tica otros elementos como el recuerdo de lo que no se escucha, el cuestionamiento de nuestros h\u00e1bitos de escucha de m\u00fasicas pasadas o la manera en que cada espectador, a su vez, reconstruye para s\u00ed mismo (\u00abrelee\u00bb) la incompletitud de la obra original.<br \/>\n<\/em><\/p>\n<p style=\"padding-left: 30px; text-align: right;\">Texto relacionado: <strong><a href=\"http:\/\/www.sulponticello.com\/la-belleza-sonora-de-las-ideas\" target=\"_blank\">La belleza sonora de las ideas. Un texto de Alberto Bernal con indicaciones de interpretaci\u00f3n de Erik Satie<\/a><\/strong> (Sul Ponticello #29. 2016)<\/p>\n<hr \/>\n<p><div class=\"pt-cv-wrapper\"><div class=\"pt-cv-view pt-cv-grid pt-cv-colsys pt-cv-left\" id=\"pt-cv-view-20062747f4\"><div data-id=\"pt-cv-page-1\" class=\"pt-cv-page\" data-cvc=\"4\"><div class=\"col-md-3 col-sm-3 col-xs-12 pt-cv-content-item pt-cv-1-col\" ><div class='pt-cv-ifield'><a href=\"https:\/\/albertobernal.net\/es\/relectures-1\" class=\"_blank pt-cv-href-thumbnail pt-cv-thumb-default\" target=\"_blank\" ><img loading=\"lazy\" decoding=\"async\" width=\"300\" height=\"225\" src=\"https:\/\/albertobernal.net\/wp-content\/uploads\/2015\/08\/relecturas-1-300x225.gif\" class=\"pt-cv-thumbnail img-none\" alt=\"\" \/><\/a>\n<h4 class=\"pt-cv-title\"><a href=\"https:\/\/albertobernal.net\/es\/relectures-1\" class=\"_blank\" target=\"_blank\" >relecturas #1 &#8211; F. Schubert, Phantasie in F moll<\/a><\/h4>\n<div class=\"pt-cv-content\">instalaci\u00f3n audiovisual interactiva (2014)<br \/><div class=\"pt-cv-rmwrap\"><a href=\"https:\/\/albertobernal.net\/es\/relectures-1\" class=\"_blank pt-cv-readmore btn btn-success\" target=\"_blank\">more<\/a><\/div><\/div><\/div><\/div>\n<div class=\"col-md-3 col-sm-3 col-xs-12 pt-cv-content-item pt-cv-1-col\" ><div class='pt-cv-ifield'><a href=\"https:\/\/albertobernal.net\/es\/elogio-de-lo-ausente\" class=\"_blank pt-cv-href-thumbnail pt-cv-thumb-default\" target=\"_blank\" ><img loading=\"lazy\" decoding=\"async\" width=\"300\" height=\"225\" src=\"https:\/\/albertobernal.net\/wp-content\/uploads\/2015\/08\/elogio-2-300x225.gif\" class=\"pt-cv-thumbnail img-none\" alt=\"elogio\" \/><\/a>\n<h4 class=\"pt-cv-title\"><a href=\"https:\/\/albertobernal.net\/es\/elogio-de-lo-ausente\" class=\"_blank\" target=\"_blank\" >Elogio de lo ausente (sobre un tema de Schumann) [relecturas #2]<\/a><\/h4>\n<div class=\"pt-cv-content\">toy piano + altavoz de superficie (2013)<br \/><div class=\"pt-cv-rmwrap\"><a href=\"https:\/\/albertobernal.net\/es\/elogio-de-lo-ausente\" class=\"_blank pt-cv-readmore btn btn-success\" target=\"_blank\">more<\/a><\/div><\/div><\/div><\/div>\n<div class=\"col-md-3 col-sm-3 col-xs-12 pt-cv-content-item pt-cv-1-col\" ><div class='pt-cv-ifield'><a href=\"https:\/\/albertobernal.net\/es\/relectures-3\" class=\"_blank pt-cv-href-thumbnail pt-cv-thumb-default\" target=\"_blank\" ><img loading=\"lazy\" decoding=\"async\" width=\"300\" height=\"225\" src=\"https:\/\/albertobernal.net\/wp-content\/uploads\/2015\/08\/relecturas-3-300x225.gif\" class=\"pt-cv-thumbnail img-none\" alt=\"relecturas 3\" \/><\/a>\n<h4 class=\"pt-cv-title\"><a href=\"https:\/\/albertobernal.net\/es\/relectures-3\" class=\"_blank\" target=\"_blank\" >relecturas #3 &#8211; R. Schumann, 3 Fantasiest\u00fccke op. 73<\/a><\/h4>\n<div class=\"pt-cv-content\">Violin (clarinete o violoncello tambi\u00e9n posible), piano y libro resonante (2015)<br \/><div class=\"pt-cv-rmwrap\"><a href=\"https:\/\/albertobernal.net\/es\/relectures-3\" class=\"_blank pt-cv-readmore btn btn-success\" target=\"_blank\">more<\/a><\/div><\/div><\/div><\/div>\n<div class=\"col-md-3 col-sm-3 col-xs-12 pt-cv-content-item pt-cv-1-col\" ><div class='pt-cv-ifield'><a href=\"https:\/\/albertobernal.net\/es\/relectures-4-air\" class=\"_blank pt-cv-href-thumbnail pt-cv-thumb-default\" target=\"_blank\" ><img loading=\"lazy\" decoding=\"async\" width=\"300\" height=\"225\" src=\"https:\/\/albertobernal.net\/wp-content\/uploads\/2018\/12\/relecturas-4-300x225.gif\" class=\"pt-cv-thumbnail img-none\" alt=\"\" \/><\/a>\n<h4 class=\"pt-cv-title\"><a href=\"https:\/\/albertobernal.net\/es\/relectures-4-air\" class=\"_blank\" target=\"_blank\" >relecturas #4 &#8211; \u00abair\u00bb<\/a><\/h4>\n<div class=\"pt-cv-content\">Clave + tape (2018)<br \/><div class=\"pt-cv-rmwrap\"><a href=\"https:\/\/albertobernal.net\/es\/relectures-4-air\" class=\"_blank pt-cv-readmore btn btn-success\" target=\"_blank\">more<\/a><\/div><\/div><\/div><\/div><\/div><\/div><\/div>\t\t\t<style type=\"text\/css\" id=\"pt-cv-inline-style-c4c95ca74d\">#pt-cv-view-20062747f4 .pt-cv-title a, #pt-cv-view-20062747f4  .panel-title { font-family: 'Noto Sans', Arial, serif !important; font-size: 14px !important; }\n#pt-cv-view-20062747f4 .pt-cv-content , #pt-cv-view-20062747f4  .carousel-caption { font-family: 'Noto Sans', Arial, serif !important; font-size: 12px !important; }\n#pt-cv-view-20062747f4 .pt-cv-tao  { font-size: 20px !important; }\n#pt-cv-view-20062747f4 { text-align: left !important; }<\/style>\r\n\t\t\t<\/p>","protected":false},"excerpt":{"rendered":"<p>varios formatos (2014-)<\/p>\n","protected":false},"author":1,"featured_media":1366,"parent":795,"menu_order":0,"comment_status":"closed","ping_status":"closed","template":"page-full.php","meta":{"footnotes":""},"class_list":["post-2561","page","type-page","status-publish","has-post-thumbnail","hentry"],"_links":{"self":[{"href":"https:\/\/albertobernal.net\/es\/wp-json\/wp\/v2\/pages\/2561","targetHints":{"allow":["GET"]}}],"collection":[{"href":"https:\/\/albertobernal.net\/es\/wp-json\/wp\/v2\/pages"}],"about":[{"href":"https:\/\/albertobernal.net\/es\/wp-json\/wp\/v2\/types\/page"}],"author":[{"embeddable":true,"href":"https:\/\/albertobernal.net\/es\/wp-json\/wp\/v2\/users\/1"}],"replies":[{"embeddable":true,"href":"https:\/\/albertobernal.net\/es\/wp-json\/wp\/v2\/comments?post=2561"}],"version-history":[{"count":4,"href":"https:\/\/albertobernal.net\/es\/wp-json\/wp\/v2\/pages\/2561\/revisions"}],"predecessor-version":[{"id":2571,"href":"https:\/\/albertobernal.net\/es\/wp-json\/wp\/v2\/pages\/2561\/revisions\/2571"}],"up":[{"embeddable":true,"href":"https:\/\/albertobernal.net\/es\/wp-json\/wp\/v2\/pages\/795"}],"wp:featuredmedia":[{"embeddable":true,"href":"https:\/\/albertobernal.net\/es\/wp-json\/wp\/v2\/media\/1366"}],"wp:attachment":[{"href":"https:\/\/albertobernal.net\/es\/wp-json\/wp\/v2\/media?parent=2561"}],"curies":[{"name":"wp","href":"https:\/\/api.w.org\/{rel}","templated":true}]}}