{"id":3084,"date":"2020-02-07T11:42:50","date_gmt":"2020-02-07T11:42:50","guid":{"rendered":"http:\/\/albertobernal.net\/?page_id=3084"},"modified":"2021-11-22T09:23:27","modified_gmt":"2021-11-22T09:23:27","slug":"numbers","status":"publish","type":"page","link":"https:\/\/albertobernal.net\/es\/works\/series\/numbers","title":{"rendered":"numbers"},"content":{"rendered":"<p><\/p>\n<p style=\"padding-left: 30px; text-align: justify;\"><em>numbers<\/em> es una serie de obras cuya principal motivaci\u00f3n es deconstruir la supuesta abstracci\u00f3n y neutralidad de las cifras mediante su concreci\u00f3n como realidades sonoras y su aprehensi\u00f3n desde el elemento est\u00e9tico y temporal de la obra sonora o musical.<\/p>\n<p style=\"padding-left: 30px; text-align: right;\">Texto relacionado: <strong><a href=\"http:\/\/3epoca.sulponticello.com\/tutti-sobre-el-paradigma-del-archivo-en-las-nuevas-musicas-y-practicas-de-lo-sonoro-i\/\" target=\"_blank\" rel=\"noopener noreferrer\">TUTTI: sobre el paradigma del archivo en las nuevas m\u00fasicas y pr\u00e1cticas de lo sonoro<\/a><\/strong> (Sul Ponticello #56. 2019)<\/p>\n<hr \/>\n<p><div class=\"pt-cv-wrapper\"><div class=\"pt-cv-view pt-cv-grid pt-cv-colsys pt-cv-left\" id=\"pt-cv-view-7eb36589rw\"><div data-id=\"pt-cv-page-1\" class=\"pt-cv-page\" data-cvc=\"4\"><div class=\"col-md-3 col-sm-3 col-xs-12 pt-cv-content-item pt-cv-1-col\" ><div class='pt-cv-ifield'><a href=\"https:\/\/albertobernal.net\/es\/post-truth\" class=\"_blank pt-cv-href-thumbnail pt-cv-thumb-default\" target=\"_blank\" ><img loading=\"lazy\" decoding=\"async\" width=\"300\" height=\"225\" src=\"https:\/\/albertobernal.net\/wp-content\/uploads\/2017\/05\/post-truth-1b-1-300x225.gif\" class=\"pt-cv-thumbnail img-none\" alt=\"\" \/><\/a>\n<h4 class=\"pt-cv-title\"><a href=\"https:\/\/albertobernal.net\/es\/post-truth\" class=\"_blank\" target=\"_blank\" >numbers #1 \u00abpost-truth\u00bb<\/a><\/h4>\n<div class=\"pt-cv-content\">saxo tenor + video (2017)<br \/><div class=\"pt-cv-rmwrap\"><a href=\"https:\/\/albertobernal.net\/es\/post-truth\" class=\"_blank pt-cv-readmore btn btn-success\" target=\"_blank\">more<\/a><\/div><\/div><\/div><\/div>\n<div class=\"col-md-3 col-sm-3 col-xs-12 pt-cv-content-item pt-cv-1-col\" ><div class='pt-cv-ifield'><a href=\"https:\/\/albertobernal.net\/es\/numbers-2\" class=\"_blank pt-cv-href-thumbnail pt-cv-thumb-default\" target=\"_blank\" ><img loading=\"lazy\" decoding=\"async\" width=\"300\" height=\"225\" src=\"https:\/\/albertobernal.net\/wp-content\/uploads\/2018\/05\/numbers-2-300x225.gif\" class=\"pt-cv-thumbnail img-none\" alt=\"\" \/><\/a>\n<h4 class=\"pt-cv-title\"><a href=\"https:\/\/albertobernal.net\/es\/numbers-2\" class=\"_blank\" target=\"_blank\" >numbers #2 \u00abvariaciones sobre un tema de Brahms\u00bb<\/a><\/h4>\n<div class=\"pt-cv-content\">vl, pno + tape\/video (2018)<br \/><div class=\"pt-cv-rmwrap\"><a href=\"https:\/\/albertobernal.net\/es\/numbers-2\" class=\"_blank pt-cv-readmore btn btn-success\" target=\"_blank\">more<\/a><\/div><\/div><\/div><\/div>\n<div class=\"col-md-3 col-sm-3 col-xs-12 pt-cv-content-item pt-cv-1-col\" ><div class='pt-cv-ifield'><a href=\"https:\/\/albertobernal.net\/es\/numbers-3\" class=\"_blank pt-cv-href-thumbnail pt-cv-thumb-default\" target=\"_blank\" ><img loading=\"lazy\" decoding=\"async\" width=\"300\" height=\"225\" src=\"https:\/\/albertobernal.net\/wp-content\/uploads\/2015\/03\/black-300x225.gif\" class=\"pt-cv-thumbnail img-none\" alt=\"\" \/><\/a>\n<h4 class=\"pt-cv-title\"><a href=\"https:\/\/albertobernal.net\/es\/numbers-3\" class=\"_blank\" target=\"_blank\" >numbers #3 \u00abmigrants\u00bb<\/a><\/h4>\n<div class=\"pt-cv-content\">tape, 16ch (2019)<br \/><div class=\"pt-cv-rmwrap\"><a href=\"https:\/\/albertobernal.net\/es\/numbers-3\" class=\"_blank pt-cv-readmore btn btn-success\" target=\"_blank\">more<\/a><\/div><\/div><\/div><\/div><\/div><\/div><\/div>\t\t\t<style type=\"text\/css\" id=\"pt-cv-inline-style-c8c7ea4lb2\">#pt-cv-view-7eb36589rw .pt-cv-title a, #pt-cv-view-7eb36589rw  .panel-title { font-family: 'Noto Sans', Arial, serif !important; font-size: 14px !important; }\n#pt-cv-view-7eb36589rw .pt-cv-content , #pt-cv-view-7eb36589rw  .carousel-caption { font-family: 'Noto Sans', Arial, serif !important; font-size: 12px !important; }\n#pt-cv-view-7eb36589rw .pt-cv-tao  { font-size: 20px !important; }\n#pt-cv-view-7eb36589rw { text-align: left !important; }<\/style>\r\n\t\t\t<\/p>","protected":false},"excerpt":{"rendered":"<p>diversos formatos (2017-)<\/p>\n","protected":false},"author":1,"featured_media":2766,"parent":795,"menu_order":0,"comment_status":"closed","ping_status":"closed","template":"page-full.php","meta":{"footnotes":""},"class_list":["post-3084","page","type-page","status-publish","has-post-thumbnail","hentry"],"_links":{"self":[{"href":"https:\/\/albertobernal.net\/es\/wp-json\/wp\/v2\/pages\/3084","targetHints":{"allow":["GET"]}}],"collection":[{"href":"https:\/\/albertobernal.net\/es\/wp-json\/wp\/v2\/pages"}],"about":[{"href":"https:\/\/albertobernal.net\/es\/wp-json\/wp\/v2\/types\/page"}],"author":[{"embeddable":true,"href":"https:\/\/albertobernal.net\/es\/wp-json\/wp\/v2\/users\/1"}],"replies":[{"embeddable":true,"href":"https:\/\/albertobernal.net\/es\/wp-json\/wp\/v2\/comments?post=3084"}],"version-history":[{"count":4,"href":"https:\/\/albertobernal.net\/es\/wp-json\/wp\/v2\/pages\/3084\/revisions"}],"predecessor-version":[{"id":3343,"href":"https:\/\/albertobernal.net\/es\/wp-json\/wp\/v2\/pages\/3084\/revisions\/3343"}],"up":[{"embeddable":true,"href":"https:\/\/albertobernal.net\/es\/wp-json\/wp\/v2\/pages\/795"}],"wp:featuredmedia":[{"embeddable":true,"href":"https:\/\/albertobernal.net\/es\/wp-json\/wp\/v2\/media\/2766"}],"wp:attachment":[{"href":"https:\/\/albertobernal.net\/es\/wp-json\/wp\/v2\/media?parent=3084"}],"curies":[{"name":"wp","href":"https:\/\/api.w.org\/{rel}","templated":true}]}}