{"id":3314,"date":"2021-11-22T07:10:16","date_gmt":"2021-11-22T07:10:16","guid":{"rendered":"http:\/\/albertobernal.net\/?page_id=3314"},"modified":"2022-05-26T10:50:00","modified_gmt":"2022-05-26T10:50:00","slug":"neoliberal-systems","status":"publish","type":"page","link":"https:\/\/albertobernal.net\/es\/works\/series\/neoliberal-systems","title":{"rendered":"(neo)liberal systems"},"content":{"rendered":"<p>(neo)liberal systems <em>es una nueva serie de obras en la que se plantea la paradoja de ejercer una quasi infinita libertad dentro de un contexto que la tolera, pero al mismo tiempo la incorpora en diferentes sistemas que la gestionan y la reducen a una \u00fanica funci\u00f3n y significaci\u00f3n. En todas las obras se da una diferenciaci\u00f3n radical entre la materialidad producida por los m\u00fasicos y el sistema que la gestiona. No existe una partitura convencional que indique a los m\u00fasicos qu\u00e9 es lo que deben tocar, sino que estos tienen la libertad de decidir (previamente o no, dialogadamente o no) su propio material, sonoridad y forma de tocar. El \u201csistema\u201d es un algoritmo que, a trav\u00e9s de un ordenador, va realizando algunas indicaciones abstractas en momentos determinados, tales como cambios de materiales o pulsos en los que \u00e9stos deben o pueden insertarse, o bien los reutiliza a su manera mediante operaciones m\u00e1s o menos transparentes de grabaci\u00f3n y reproducci\u00f3n.<br \/>\nEn cierto sentido, <\/em>(neo)liberal systems <em>son obras que se dan simult\u00e1neamente en los g\u00e9neros de la improvisaci\u00f3n libre y la m\u00fasica escrita\/fija, no tanto como un h\u00edbrido entre ambos, sino m\u00e1s bien como un movimiento que oscila entre la libertad de uno y la absoluta determinaci\u00f3n del otro.<\/em><\/p>\n<hr \/>\n<p><div class=\"pt-cv-wrapper\"><div class=\"pt-cv-view pt-cv-grid pt-cv-colsys pt-cv-left\" id=\"pt-cv-view-0feeeb71zm\"><div data-id=\"pt-cv-page-1\" class=\"pt-cv-page\" data-cvc=\"3\"><div class=\"col-md-4 col-sm-4 col-xs-12 pt-cv-content-item pt-cv-1-col\" ><div class='pt-cv-ifield'><a href=\"https:\/\/albertobernal.net\/es\/neoliberal-systems-5-affirmation\" class=\"_blank pt-cv-href-thumbnail pt-cv-thumb-default\" target=\"_blank\" ><img loading=\"lazy\" decoding=\"async\" width=\"300\" height=\"225\" src=\"https:\/\/albertobernal.net\/wp-content\/uploads\/2015\/03\/black-300x225.gif\" class=\"pt-cv-thumbnail img-none\" alt=\"\" \/><\/a>\n<h4 class=\"pt-cv-title\"><a href=\"https:\/\/albertobernal.net\/es\/neoliberal-systems-5-affirmation\" class=\"_blank\" target=\"_blank\" >(neo)liberal systems #5 \u00abaffirmation\u00bb<\/a><\/h4>\n<div class=\"pt-cv-content\">3 instrumentos + videoproyecci\u00f3n (2023)<br \/><div class=\"pt-cv-rmwrap\"><a href=\"https:\/\/albertobernal.net\/es\/neoliberal-systems-5-affirmation\" class=\"_blank pt-cv-readmore btn btn-success\" target=\"_blank\">more<\/a><\/div><\/div><\/div><\/div>\n<div class=\"col-md-4 col-sm-4 col-xs-12 pt-cv-content-item pt-cv-1-col\" ><div class='pt-cv-ifield'><a href=\"https:\/\/albertobernal.net\/es\/neoliberal-systems-4-entertainment\" class=\"_blank pt-cv-href-thumbnail pt-cv-thumb-default\" target=\"_blank\" ><img loading=\"lazy\" decoding=\"async\" width=\"300\" height=\"225\" src=\"https:\/\/albertobernal.net\/wp-content\/uploads\/2021\/11\/nls4-gif-300x225.gif\" class=\"pt-cv-thumbnail img-none\" alt=\"\" \/><\/a>\n<h4 class=\"pt-cv-title\"><a href=\"https:\/\/albertobernal.net\/es\/neoliberal-systems-4-entertainment\" class=\"_blank\" target=\"_blank\" >(neo)liberal systems #4 \u00abentertainment\u00bb<\/a><\/h4>\n<div class=\"pt-cv-content\">dispositivo t\u00e1ctil + videoproyecci\u00f3n (2021)<br \/><div class=\"pt-cv-rmwrap\"><a href=\"https:\/\/albertobernal.net\/es\/neoliberal-systems-4-entertainment\" class=\"_blank pt-cv-readmore btn btn-success\" target=\"_blank\">more<\/a><\/div><\/div><\/div><\/div>\n<div class=\"col-md-4 col-sm-4 col-xs-12 pt-cv-content-item pt-cv-1-col\" ><div class='pt-cv-ifield'><a href=\"https:\/\/albertobernal.net\/es\/neoliberal-systems-3-ascent\" class=\"_blank pt-cv-href-thumbnail pt-cv-thumb-default\" target=\"_blank\" ><img loading=\"lazy\" decoding=\"async\" width=\"300\" height=\"225\" src=\"https:\/\/albertobernal.net\/wp-content\/uploads\/2015\/03\/black-300x225.gif\" class=\"pt-cv-thumbnail img-none\" alt=\"\" \/><\/a>\n<h4 class=\"pt-cv-title\"><a href=\"https:\/\/albertobernal.net\/es\/neoliberal-systems-3-ascent\" class=\"_blank\" target=\"_blank\" >(neo)liberal systems #3 \u00abascent\u00bb<\/a><\/h4>\n<div class=\"pt-cv-content\">instrumentaci\u00f3n variable<br \/><div class=\"pt-cv-rmwrap\"><a href=\"https:\/\/albertobernal.net\/es\/neoliberal-systems-3-ascent\" class=\"_blank pt-cv-readmore btn btn-success\" target=\"_blank\">more<\/a><\/div><\/div><\/div><\/div>\n<div class=\"col-md-4 col-sm-4 col-xs-12 pt-cv-content-item pt-cv-1-col\" ><div class='pt-cv-ifield'><a href=\"https:\/\/albertobernal.net\/es\/neoliberal-systems-2-crescendo\" class=\"_blank pt-cv-href-thumbnail pt-cv-thumb-default\" target=\"_blank\" ><img loading=\"lazy\" decoding=\"async\" width=\"300\" height=\"225\" src=\"https:\/\/albertobernal.net\/wp-content\/uploads\/2015\/03\/black-300x225.gif\" class=\"pt-cv-thumbnail img-none\" alt=\"\" \/><\/a>\n<h4 class=\"pt-cv-title\"><a href=\"https:\/\/albertobernal.net\/es\/neoliberal-systems-2-crescendo\" class=\"_blank\" target=\"_blank\" >(neo)liberal systems #2 \u00abcrescendo\u00bb<\/a><\/h4>\n<div class=\"pt-cv-content\">instrumentaci\u00f3n variable<br \/><div class=\"pt-cv-rmwrap\"><a href=\"https:\/\/albertobernal.net\/es\/neoliberal-systems-2-crescendo\" class=\"_blank pt-cv-readmore btn btn-success\" target=\"_blank\">more<\/a><\/div><\/div><\/div><\/div>\n<div class=\"col-md-4 col-sm-4 col-xs-12 pt-cv-content-item pt-cv-1-col\" ><div class='pt-cv-ifield'><a href=\"https:\/\/albertobernal.net\/es\/neoliberal-systems-1-accelerando\" class=\"_blank pt-cv-href-thumbnail pt-cv-thumb-default\" target=\"_blank\" ><img loading=\"lazy\" decoding=\"async\" width=\"300\" height=\"225\" src=\"https:\/\/albertobernal.net\/wp-content\/uploads\/2015\/03\/black-300x225.gif\" class=\"pt-cv-thumbnail img-none\" alt=\"\" \/><\/a>\n<h4 class=\"pt-cv-title\"><a href=\"https:\/\/albertobernal.net\/es\/neoliberal-systems-1-accelerando\" class=\"_blank\" target=\"_blank\" >(neo)liberal systems #1 \u00abaccelerando\u00bb<\/a><\/h4>\n<div class=\"pt-cv-content\">2-6 instruments<br \/><div class=\"pt-cv-rmwrap\"><a href=\"https:\/\/albertobernal.net\/es\/neoliberal-systems-1-accelerando\" class=\"_blank pt-cv-readmore btn btn-success\" target=\"_blank\">more<\/a><\/div><\/div><\/div><\/div><\/div><\/div><\/div>\t\t\t<style type=\"text\/css\" id=\"pt-cv-inline-style-780f2fa9ko\">#pt-cv-view-0feeeb71zm .pt-cv-title a, #pt-cv-view-0feeeb71zm  .panel-title { font-family: 'Noto Sans', Arial, serif !important; font-size: 14px !important; }\n#pt-cv-view-0feeeb71zm .pt-cv-content , #pt-cv-view-0feeeb71zm  .carousel-caption { font-family: 'Noto Sans', Arial, serif !important; font-size: 12px !important; }\n#pt-cv-view-0feeeb71zm .pt-cv-tao  { font-size: 20px !important; }\n#pt-cv-view-0feeeb71zm { text-align: left !important; }<\/style>\r\n\t\t\t<\/p>","protected":false},"excerpt":{"rendered":"<p>instrumentaci\u00f3n variable (2019-)<\/p>\n","protected":false},"author":1,"featured_media":3325,"parent":795,"menu_order":0,"comment_status":"closed","ping_status":"closed","template":"","meta":{"footnotes":""},"class_list":["post-3314","page","type-page","status-publish","has-post-thumbnail","hentry"],"_links":{"self":[{"href":"https:\/\/albertobernal.net\/es\/wp-json\/wp\/v2\/pages\/3314","targetHints":{"allow":["GET"]}}],"collection":[{"href":"https:\/\/albertobernal.net\/es\/wp-json\/wp\/v2\/pages"}],"about":[{"href":"https:\/\/albertobernal.net\/es\/wp-json\/wp\/v2\/types\/page"}],"author":[{"embeddable":true,"href":"https:\/\/albertobernal.net\/es\/wp-json\/wp\/v2\/users\/1"}],"replies":[{"embeddable":true,"href":"https:\/\/albertobernal.net\/es\/wp-json\/wp\/v2\/comments?post=3314"}],"version-history":[{"count":11,"href":"https:\/\/albertobernal.net\/es\/wp-json\/wp\/v2\/pages\/3314\/revisions"}],"predecessor-version":[{"id":3477,"href":"https:\/\/albertobernal.net\/es\/wp-json\/wp\/v2\/pages\/3314\/revisions\/3477"}],"up":[{"embeddable":true,"href":"https:\/\/albertobernal.net\/es\/wp-json\/wp\/v2\/pages\/795"}],"wp:featuredmedia":[{"embeddable":true,"href":"https:\/\/albertobernal.net\/es\/wp-json\/wp\/v2\/media\/3325"}],"wp:attachment":[{"href":"https:\/\/albertobernal.net\/es\/wp-json\/wp\/v2\/media?parent=3314"}],"curies":[{"name":"wp","href":"https:\/\/api.w.org\/{rel}","templated":true}]}}