{"id":3809,"date":"2025-10-07T11:15:54","date_gmt":"2025-10-07T11:15:54","guid":{"rendered":"https:\/\/albertobernal.net\/?page_id=3809"},"modified":"2025-10-07T12:01:33","modified_gmt":"2025-10-07T12:01:33","slug":"walking-pieces","status":"publish","type":"page","link":"https:\/\/albertobernal.net\/es\/works\/format\/walking-pieces","title":{"rendered":"caminar"},"content":{"rendered":"<p><strong><em><a href=\"https:\/\/albertobernal.net\/format\">\u2192 obras por formato<\/a><\/em><\/strong><\/p>\n<hr \/>\n<p><div class=\"pt-cv-wrapper\"><div class=\"pt-cv-view pt-cv-grid pt-cv-colsys pt-cv-left\" id=\"pt-cv-view-7e714d31xy\"><div data-id=\"pt-cv-page-1\" class=\"pt-cv-page\" data-cvc=\"4\"><div class=\"col-md-3 col-sm-3 col-xs-12 pt-cv-content-item pt-cv-1-col\" ><div class='pt-cv-ifield'><a href=\"https:\/\/albertobernal.net\/es\/caminar\" class=\"_blank pt-cv-href-thumbnail pt-cv-thumb-default\" target=\"_blank\" ><img loading=\"lazy\" decoding=\"async\" width=\"300\" height=\"225\" src=\"https:\/\/albertobernal.net\/wp-content\/uploads\/2025\/10\/CAMINAR-300x225.gif\" class=\"pt-cv-thumbnail img-none\" alt=\"caminar\" \/><\/a>\n<h4 class=\"pt-cv-title\"><a href=\"https:\/\/albertobernal.net\/es\/caminar\" class=\"_blank\" target=\"_blank\" >caminar<\/a><\/h4>\n<div class=\"pt-cv-content\">50 performers caminantes (2025)<br \/><div class=\"pt-cv-rmwrap\"><a href=\"https:\/\/albertobernal.net\/es\/caminar\" class=\"_blank pt-cv-readmore btn btn-success\" target=\"_blank\">more<\/a><\/div><\/div><\/div><\/div>\n<div class=\"col-md-3 col-sm-3 col-xs-12 pt-cv-content-item pt-cv-1-col\" ><div class='pt-cv-ifield'><a href=\"https:\/\/albertobernal.net\/es\/passage\" class=\"_blank pt-cv-href-thumbnail pt-cv-thumb-default\" target=\"_blank\" ><img loading=\"lazy\" decoding=\"async\" width=\"300\" height=\"224\" src=\"https:\/\/albertobernal.net\/wp-content\/uploads\/2024\/11\/passage1-300x224.gif\" class=\"pt-cv-thumbnail img-none\" alt=\"passage\" \/><\/a>\n<h4 class=\"pt-cv-title\"><a href=\"https:\/\/albertobernal.net\/es\/passage\" class=\"_blank\" target=\"_blank\" >passage<\/a><\/h4>\n<div class=\"pt-cv-content\">cuarteto de percusi\u00f3n+ 30 m\u00fasicos m\u00f3viles (2024)<br \/><div class=\"pt-cv-rmwrap\"><a href=\"https:\/\/albertobernal.net\/es\/passage\" class=\"_blank pt-cv-readmore btn btn-success\" target=\"_blank\">more<\/a><\/div><\/div><\/div><\/div>\n<div class=\"col-md-3 col-sm-3 col-xs-12 pt-cv-content-item pt-cv-1-col\" ><div class='pt-cv-ifield'><a href=\"https:\/\/albertobernal.net\/es\/si-ambulem\" class=\"_blank pt-cv-href-thumbnail pt-cv-thumb-default\" target=\"_blank\" ><img loading=\"lazy\" decoding=\"async\" width=\"300\" height=\"225\" src=\"https:\/\/albertobernal.net\/wp-content\/uploads\/2023\/08\/si-ambulem-gif-300x225.gif\" class=\"pt-cv-thumbnail img-none\" alt=\"\" \/><\/a>\n<h4 class=\"pt-cv-title\"><a href=\"https:\/\/albertobernal.net\/es\/si-ambulem\" class=\"_blank\" target=\"_blank\" >si ambulem&#8230;<\/a><\/h4>\n<div class=\"pt-cv-content\">30 voces caminantes (2023)<br \/><div class=\"pt-cv-rmwrap\"><a href=\"https:\/\/albertobernal.net\/es\/si-ambulem\" class=\"_blank pt-cv-readmore btn btn-success\" target=\"_blank\">more<\/a><\/div><\/div><\/div><\/div>\n<div class=\"col-md-3 col-sm-3 col-xs-12 pt-cv-content-item pt-cv-1-col\" ><div class='pt-cv-ifield'><a href=\"https:\/\/albertobernal.net\/es\/mobile\" class=\"_blank pt-cv-href-thumbnail pt-cv-thumb-default\" target=\"_blank\" ><img loading=\"lazy\" decoding=\"async\" width=\"300\" height=\"225\" src=\"https:\/\/albertobernal.net\/wp-content\/uploads\/2015\/08\/mobile2-300x225.gif\" class=\"pt-cv-thumbnail img-none\" alt=\"mobile\" \/><\/a>\n<h4 class=\"pt-cv-title\"><a href=\"https:\/\/albertobernal.net\/es\/mobile\" class=\"_blank\" target=\"_blank\" >mobile<\/a><\/h4>\n<div class=\"pt-cv-content\">obra para jard\u00edn, caminante y percusi\u00f3n (2015)<br \/><div class=\"pt-cv-rmwrap\"><a href=\"https:\/\/albertobernal.net\/es\/mobile\" class=\"_blank pt-cv-readmore btn btn-success\" target=\"_blank\">more<\/a><\/div><\/div><\/div><\/div><\/div><\/div><\/div>\t\t\t<style type=\"text\/css\" id=\"pt-cv-inline-style-c7874e3atz\">#pt-cv-view-7e714d31xy .pt-cv-title a, #pt-cv-view-7e714d31xy  .panel-title { font-family: 'Noto Sans', Arial, serif !important; font-size: 14px !important; }\n#pt-cv-view-7e714d31xy .pt-cv-content , #pt-cv-view-7e714d31xy  .carousel-caption { font-family: 'Noto Sans', Arial, serif !important; font-size: 12px !important; }\n#pt-cv-view-7e714d31xy .pt-cv-tao  { font-size: 20px !important; }\n#pt-cv-view-7e714d31xy { text-align: left !important; }<\/style>\r\n\t\t\t<\/p>","protected":false},"excerpt":{"rendered":"<p>\u2192 obras por formato<\/p>\n","protected":false},"author":1,"featured_media":0,"parent":1133,"menu_order":0,"comment_status":"closed","ping_status":"closed","template":"page-full.php","meta":{"footnotes":""},"class_list":["post-3809","page","type-page","status-publish","hentry"],"_links":{"self":[{"href":"https:\/\/albertobernal.net\/es\/wp-json\/wp\/v2\/pages\/3809","targetHints":{"allow":["GET"]}}],"collection":[{"href":"https:\/\/albertobernal.net\/es\/wp-json\/wp\/v2\/pages"}],"about":[{"href":"https:\/\/albertobernal.net\/es\/wp-json\/wp\/v2\/types\/page"}],"author":[{"embeddable":true,"href":"https:\/\/albertobernal.net\/es\/wp-json\/wp\/v2\/users\/1"}],"replies":[{"embeddable":true,"href":"https:\/\/albertobernal.net\/es\/wp-json\/wp\/v2\/comments?post=3809"}],"version-history":[{"count":3,"href":"https:\/\/albertobernal.net\/es\/wp-json\/wp\/v2\/pages\/3809\/revisions"}],"predecessor-version":[{"id":3824,"href":"https:\/\/albertobernal.net\/es\/wp-json\/wp\/v2\/pages\/3809\/revisions\/3824"}],"up":[{"embeddable":true,"href":"https:\/\/albertobernal.net\/es\/wp-json\/wp\/v2\/pages\/1133"}],"wp:attachment":[{"href":"https:\/\/albertobernal.net\/es\/wp-json\/wp\/v2\/media?parent=3809"}],"curies":[{"name":"wp","href":"https:\/\/api.w.org\/{rel}","templated":true}]}}