{"id":41,"date":"2015-07-06T11:23:32","date_gmt":"2015-07-06T11:23:32","guid":{"rendered":"http:\/\/albertobernalcomposer.apps-1and1.net\/?page_id=41"},"modified":"2019-03-12T11:30:05","modified_gmt":"2019-03-12T11:30:05","slug":"works","status":"publish","type":"page","link":"https:\/\/albertobernal.net\/es\/works","title":{"rendered":"obras"},"content":{"rendered":"<p><\/p>\n<h3 style=\"text-align: center;\"><span style=\"text-decoration: underline; color: #998374;\">proyectos destacados<\/span>\u00a0| <a href=\"https:\/\/albertobernal.net\/works\/series\">series<\/a> | <a href=\"https:\/\/albertobernal.net\/works\/format\">por plantilla o formato<\/a> | <a href=\"https:\/\/albertobernal.net\/works\/year\">cat\u00e1logo cronol\u00f3gico<\/a><\/h3>\n<hr \/>\n<p><div class=\"pt-cv-wrapper\"><div class=\"pt-cv-view pt-cv-grid pt-cv-colsys pt-cv-left\" id=\"pt-cv-view-2cfda0c3ed\"><div data-id=\"pt-cv-page-1\" class=\"pt-cv-page\" data-cvc=\"4\"><div class=\"col-md-3 col-sm-3 col-xs-12 pt-cv-content-item pt-cv-1-col\" ><div class='pt-cv-ifield'><a href=\"https:\/\/albertobernal.net\/es\/islave\" class=\"_blank pt-cv-href-thumbnail pt-cv-thumb-default\" target=\"_blank\" ><img loading=\"lazy\" decoding=\"async\" width=\"300\" height=\"225\" src=\"https:\/\/albertobernal.net\/wp-content\/uploads\/2024\/02\/iSlave-300x225.gif\" class=\"pt-cv-thumbnail img-none\" alt=\"\" \/><\/a>\n<h4 class=\"pt-cv-title\"><a href=\"https:\/\/albertobernal.net\/es\/islave\" class=\"_blank\" target=\"_blank\" >iSlave<\/a><\/h4>\n<div class=\"pt-cv-content\">\u00d3pera de c\u00e1mara (2024)<\/div><\/div><\/div>\n<div class=\"col-md-3 col-sm-3 col-xs-12 pt-cv-content-item pt-cv-1-col\" ><div class='pt-cv-ifield'><a href=\"https:\/\/albertobernal.net\/es\/occupyyourself\" class=\"_blank pt-cv-href-thumbnail pt-cv-thumb-default\" target=\"_blank\" ><img loading=\"lazy\" decoding=\"async\" width=\"300\" height=\"225\" src=\"https:\/\/albertobernal.net\/wp-content\/uploads\/2021\/07\/oys-300x225.gif\" class=\"pt-cv-thumbnail img-none\" alt=\"\" \/><\/a>\n<h4 class=\"pt-cv-title\"><a href=\"https:\/\/albertobernal.net\/es\/occupyyourself\" class=\"_blank\" target=\"_blank\" >#OccupyYourself<\/a><\/h4>\n<div class=\"pt-cv-content\">instalaci\u00f3n performativa para 4 percusionistas aislados en tiendas de campa\u00f1a durante 12 horas en el espacio p\u00fablico (2021)<\/div><\/div><\/div>\n<div class=\"col-md-3 col-sm-3 col-xs-12 pt-cv-content-item pt-cv-1-col\" ><div class='pt-cv-ifield'><a href=\"https:\/\/albertobernal.net\/es\/others\" class=\"_blank pt-cv-href-thumbnail pt-cv-thumb-default\" target=\"_blank\" ><img loading=\"lazy\" decoding=\"async\" width=\"300\" height=\"225\" src=\"https:\/\/albertobernal.net\/wp-content\/uploads\/2019\/10\/andere-1c-300x225.gif\" class=\"pt-cv-thumbnail img-none\" alt=\"\" \/><\/a>\n<h4 class=\"pt-cv-title\"><a href=\"https:\/\/albertobernal.net\/es\/others\" class=\"_blank\" target=\"_blank\" >others<\/a><\/h4>\n<div class=\"pt-cv-content\">installation (2019)<\/div><\/div><\/div>\n<div class=\"col-md-3 col-sm-3 col-xs-12 pt-cv-content-item pt-cv-1-col\" ><div class='pt-cv-ifield'><a href=\"https:\/\/albertobernal.net\/es\/a-tempo\" class=\"_blank pt-cv-href-thumbnail pt-cv-thumb-default\" target=\"_blank\" ><img loading=\"lazy\" decoding=\"async\" width=\"300\" height=\"225\" src=\"https:\/\/albertobernal.net\/wp-content\/uploads\/2018\/10\/a-tempo-300x225.gif\" class=\"pt-cv-thumbnail img-none\" alt=\"\" \/><\/a>\n<h4 class=\"pt-cv-title\"><a href=\"https:\/\/albertobernal.net\/es\/a-tempo\" class=\"_blank\" target=\"_blank\" >A Tempo<\/a><\/h4>\n<div class=\"pt-cv-content\">4 saxos + v\u00eddeo (2018)<\/div><\/div><\/div>\n<div class=\"col-md-3 col-sm-3 col-xs-12 pt-cv-content-item pt-cv-1-col\" ><div class='pt-cv-ifield'><a href=\"https:\/\/albertobernal.net\/es\/numbers-2\" class=\"_blank pt-cv-href-thumbnail pt-cv-thumb-default\" target=\"_blank\" ><img loading=\"lazy\" decoding=\"async\" width=\"300\" height=\"225\" src=\"https:\/\/albertobernal.net\/wp-content\/uploads\/2018\/05\/numbers-2-300x225.gif\" class=\"pt-cv-thumbnail img-none\" alt=\"\" \/><\/a>\n<h4 class=\"pt-cv-title\"><a href=\"https:\/\/albertobernal.net\/es\/numbers-2\" class=\"_blank\" target=\"_blank\" >numbers #2 \u00abvariaciones sobre un tema de Brahms\u00bb<\/a><\/h4>\n<div class=\"pt-cv-content\">vl, pno + tape\/video (2018)<\/div><\/div><\/div>\n<div class=\"col-md-3 col-sm-3 col-xs-12 pt-cv-content-item pt-cv-1-col\" ><div class='pt-cv-ifield'><a href=\"https:\/\/albertobernal.net\/es\/post-truth\" class=\"_blank pt-cv-href-thumbnail pt-cv-thumb-default\" target=\"_blank\" ><img loading=\"lazy\" decoding=\"async\" width=\"300\" height=\"225\" src=\"https:\/\/albertobernal.net\/wp-content\/uploads\/2017\/05\/post-truth-1b-1-300x225.gif\" class=\"pt-cv-thumbnail img-none\" alt=\"\" \/><\/a>\n<h4 class=\"pt-cv-title\"><a href=\"https:\/\/albertobernal.net\/es\/post-truth\" class=\"_blank\" target=\"_blank\" >numbers #1 \u00abpost-truth\u00bb<\/a><\/h4>\n<div class=\"pt-cv-content\">saxo tenor + video (2017)<\/div><\/div><\/div>\n<div class=\"col-md-3 col-sm-3 col-xs-12 pt-cv-content-item pt-cv-1-col\" ><div class='pt-cv-ifield'><a href=\"https:\/\/albertobernal.net\/es\/0-997\" class=\"_blank pt-cv-href-thumbnail pt-cv-thumb-default\" target=\"_blank\" ><img loading=\"lazy\" decoding=\"async\" width=\"300\" height=\"225\" src=\"https:\/\/albertobernal.net\/wp-content\/uploads\/2015\/08\/0997-5-300x225.gif\" class=\"pt-cv-thumbnail img-none\" alt=\"0.997\" \/><\/a>\n<h4 class=\"pt-cv-title\"><a href=\"https:\/\/albertobernal.net\/es\/0-997\" class=\"_blank\" target=\"_blank\" >0.997<\/a><\/h4>\n<div class=\"pt-cv-content\">obra esc\u00e9nica (2015)<\/div><\/div><\/div>\n<div class=\"col-md-3 col-sm-3 col-xs-12 pt-cv-content-item pt-cv-1-col\" ><div class='pt-cv-ifield'><a href=\"https:\/\/albertobernal.net\/es\/mobile\" class=\"_blank pt-cv-href-thumbnail pt-cv-thumb-default\" target=\"_blank\" ><img loading=\"lazy\" decoding=\"async\" width=\"300\" height=\"225\" src=\"https:\/\/albertobernal.net\/wp-content\/uploads\/2015\/08\/mobile2-300x225.gif\" class=\"pt-cv-thumbnail img-none\" alt=\"mobile\" \/><\/a>\n<h4 class=\"pt-cv-title\"><a href=\"https:\/\/albertobernal.net\/es\/mobile\" class=\"_blank\" target=\"_blank\" >mobile<\/a><\/h4>\n<div class=\"pt-cv-content\">obra para jard\u00edn, caminante y percusi\u00f3n (2015)<\/div><\/div><\/div><\/div><\/div><\/div>\t\t\t<style type=\"text\/css\" id=\"pt-cv-inline-style-1f53b7c10y\">#pt-cv-view-2cfda0c3ed .pt-cv-title a, #pt-cv-view-2cfda0c3ed  .panel-title { font-family: 'Noto Sans', Arial, serif !important; font-size: 14px !important; }\n#pt-cv-view-2cfda0c3ed .pt-cv-content , #pt-cv-view-2cfda0c3ed  .carousel-caption { font-family: 'Noto Sans', Arial, serif !important; font-size: 12px !important; }\n#pt-cv-view-2cfda0c3ed { text-align: left !important; }<\/style>\r\n\t\t\t<br \/>\n<div class=\"pt-cv-wrapper\"><div class=\"pt-cv-view pt-cv-grid pt-cv-colsys pt-cv-left\" id=\"pt-cv-view-43fa416994\"><div data-id=\"pt-cv-page-1\" class=\"pt-cv-page\" data-cvc=\"4\"><div class=\"col-md-3 col-sm-3 col-xs-12 pt-cv-content-item pt-cv-1-col\" ><div class='pt-cv-ifield'><a href=\"https:\/\/albertobernal.net\/es\/works\/series\/impossible-translations\" class=\"_self pt-cv-href-thumbnail pt-cv-thumb-default\" target=\"_self\" ><img loading=\"lazy\" decoding=\"async\" width=\"300\" height=\"225\" src=\"https:\/\/albertobernal.net\/wp-content\/uploads\/2015\/08\/it3-300x225.gif\" class=\"pt-cv-thumbnail img-none\" alt=\"\" \/><\/a>\n<h4 class=\"pt-cv-title\"><a href=\"https:\/\/albertobernal.net\/es\/works\/series\/impossible-translations\" class=\"_self\" target=\"_self\" >impossible translations<\/a><\/h4>\n<div class=\"pt-cv-content\">instrumentos ac\u00fasticos + v\u00eddeo (2010-)<br \/><div class=\"pt-cv-rmwrap\"><a href=\"https:\/\/albertobernal.net\/es\/works\/series\/impossible-translations\" class=\"_self pt-cv-readmore btn btn-success\" target=\"_self\">more<\/a><\/div><\/div><\/div><\/div>\n<div class=\"col-md-3 col-sm-3 col-xs-12 pt-cv-content-item pt-cv-1-col\" ><div class='pt-cv-ifield'><a href=\"https:\/\/albertobernal.net\/es\/works\/series\/no-studies\" class=\"_self pt-cv-href-thumbnail pt-cv-thumb-default\" target=\"_self\" ><img loading=\"lazy\" decoding=\"async\" width=\"300\" height=\"225\" src=\"https:\/\/albertobernal.net\/wp-content\/uploads\/2015\/06\/no-1b-300x225.gif\" class=\"pt-cv-thumbnail img-none\" alt=\"no 1b\" \/><\/a>\n<h4 class=\"pt-cv-title\"><a href=\"https:\/\/albertobernal.net\/es\/works\/series\/no-studies\" class=\"_self\" target=\"_self\" >NO studies<\/a><\/h4>\n<div class=\"pt-cv-content\">varios formatos (2013-)<br \/><div class=\"pt-cv-rmwrap\"><a href=\"https:\/\/albertobernal.net\/es\/works\/series\/no-studies\" class=\"_self pt-cv-readmore btn btn-success\" target=\"_self\">more<\/a><\/div><\/div><\/div><\/div>\n<div class=\"col-md-3 col-sm-3 col-xs-12 pt-cv-content-item pt-cv-1-col\" ><div class='pt-cv-ifield'><a href=\"https:\/\/albertobernal.net\/es\/works\/series\/portraits\" class=\"_self pt-cv-href-thumbnail pt-cv-thumb-default\" target=\"_self\" ><img loading=\"lazy\" decoding=\"async\" width=\"300\" height=\"225\" src=\"https:\/\/albertobernal.net\/wp-content\/uploads\/2015\/08\/xxchopin2-300x225.gif\" class=\"pt-cv-thumbnail img-none\" alt=\"retratos\" \/><\/a>\n<h4 class=\"pt-cv-title\"><a href=\"https:\/\/albertobernal.net\/es\/works\/series\/portraits\" class=\"_self\" target=\"_self\" >retratos<\/a><\/h4>\n<div class=\"pt-cv-content\">piano y v\u00eddeo, otras plantillas (o videoinstalaci\u00f3n) (2012-)<br \/><div class=\"pt-cv-rmwrap\"><a href=\"https:\/\/albertobernal.net\/es\/works\/series\/portraits\" class=\"_self pt-cv-readmore btn btn-success\" target=\"_self\">more<\/a><\/div><\/div><\/div><\/div>\n<div class=\"col-md-3 col-sm-3 col-xs-12 pt-cv-content-item pt-cv-1-col\" ><div class='pt-cv-ifield'><a href=\"https:\/\/albertobernal.net\/es\/works\/series\/voids\" class=\"_self pt-cv-href-thumbnail pt-cv-thumb-default\" target=\"_self\" ><img loading=\"lazy\" decoding=\"async\" width=\"300\" height=\"225\" src=\"https:\/\/albertobernal.net\/wp-content\/uploads\/2020\/08\/voids-arietta-300x225.gif\" class=\"pt-cv-thumbnail img-none\" alt=\"voids-arietta\" \/><\/a>\n<h4 class=\"pt-cv-title\"><a href=\"https:\/\/albertobernal.net\/es\/works\/series\/voids\" class=\"_self\" target=\"_self\" >voids<\/a><\/h4>\n<div class=\"pt-cv-content\">varios instrumentos \/ piezas gr\u00e1ficas (2020-)<br \/><div class=\"pt-cv-rmwrap\"><a href=\"https:\/\/albertobernal.net\/es\/works\/series\/voids\" class=\"_self pt-cv-readmore btn btn-success\" target=\"_self\">more<\/a><\/div><\/div><\/div><\/div><\/div><\/div><\/div>\t\t\t<style type=\"text\/css\" id=\"pt-cv-inline-style-4b2b9a4w87\">#pt-cv-view-43fa416994 .pt-cv-title a, #pt-cv-view-43fa416994  .panel-title { font-family: 'Noto Sans', Arial, serif !important; font-size: 14px !important; }\n#pt-cv-view-43fa416994 .pt-cv-content , #pt-cv-view-43fa416994  .carousel-caption { font-family: 'Noto Sans', Arial, serif !important; font-size: 12px !important; }\n#pt-cv-view-43fa416994 .pt-cv-tao  { font-size: 20px !important; }\n#pt-cv-view-43fa416994 { text-align: left !important; }<\/style>\r\n\t\t\t<\/p>","protected":false},"excerpt":{"rendered":"<p>proyectos destacados\u00a0| series | por plantilla o formato | cat\u00e1logo cronol\u00f3gico<\/p>\n","protected":false},"author":1,"featured_media":0,"parent":0,"menu_order":0,"comment_status":"closed","ping_status":"closed","template":"page-full.php","meta":{"footnotes":""},"class_list":["post-41","page","type-page","status-publish","hentry"],"_links":{"self":[{"href":"https:\/\/albertobernal.net\/es\/wp-json\/wp\/v2\/pages\/41","targetHints":{"allow":["GET"]}}],"collection":[{"href":"https:\/\/albertobernal.net\/es\/wp-json\/wp\/v2\/pages"}],"about":[{"href":"https:\/\/albertobernal.net\/es\/wp-json\/wp\/v2\/types\/page"}],"author":[{"embeddable":true,"href":"https:\/\/albertobernal.net\/es\/wp-json\/wp\/v2\/users\/1"}],"replies":[{"embeddable":true,"href":"https:\/\/albertobernal.net\/es\/wp-json\/wp\/v2\/comments?post=41"}],"version-history":[{"count":18,"href":"https:\/\/albertobernal.net\/es\/wp-json\/wp\/v2\/pages\/41\/revisions"}],"predecessor-version":[{"id":3004,"href":"https:\/\/albertobernal.net\/es\/wp-json\/wp\/v2\/pages\/41\/revisions\/3004"}],"wp:attachment":[{"href":"https:\/\/albertobernal.net\/es\/wp-json\/wp\/v2\/media?parent=41"}],"curies":[{"name":"wp","href":"https:\/\/api.w.org\/{rel}","templated":true}]}}