{"id":7,"date":"2015-06-25T14:11:52","date_gmt":"2015-06-25T14:11:52","guid":{"rendered":"http:\/\/albertobernalcomposer.apps-1and1.net\/?page_id=7"},"modified":"2023-09-12T05:51:24","modified_gmt":"2023-09-12T05:51:24","slug":"biography","status":"publish","type":"page","link":"https:\/\/albertobernal.net\/es\/biography","title":{"rendered":"biograf\u00eda"},"content":{"rendered":"<p><img loading=\"lazy\" decoding=\"async\" class=\"alignleft wp-image-2981\" src=\"https:\/\/albertobernal.net\/wp-content\/uploads\/2019\/03\/x_alberto_bernal-portrait-by_ruvebal-1010051-300x225.jpg\" alt=\"\" width=\"364\" height=\"273\" srcset=\"https:\/\/albertobernal.net\/wp-content\/uploads\/2019\/03\/x_alberto_bernal-portrait-by_ruvebal-1010051-300x225.jpg 300w, https:\/\/albertobernal.net\/wp-content\/uploads\/2019\/03\/x_alberto_bernal-portrait-by_ruvebal-1010051-768x576.jpg 768w, https:\/\/albertobernal.net\/wp-content\/uploads\/2019\/03\/x_alberto_bernal-portrait-by_ruvebal-1010051-1024x768.jpg 1024w, https:\/\/albertobernal.net\/wp-content\/uploads\/2019\/03\/x_alberto_bernal-portrait-by_ruvebal-1010051.jpg 1920w\" sizes=\"auto, (max-width: 364px) 100vw, 364px\" \/><\/p>\n<p>Compositor y artista sonoro de procedencia cl\u00e1sica y variadas influencias, con trabajos enmarcados cerca del punto de inflexi\u00f3n entre situaciones de concierto y otras disciplinas como la instalaci\u00f3n, la performance o el videoarte.<\/p>\n<p>Su obra es, ante todo, una b\u00fasqueda y deconstrucci\u00f3n del l\u00edmite entre lo est\u00e9tico y lo sociopol\u00edtico, as\u00ed como entre los diferentes \u00e1mbitos perceptivos tradicionales (sonido, imagen, palabra, percepci\u00f3n cotidiana).<\/p>\n<p>Su trabajo ha sido presentado en diversos lugares de Europa, Am\u00e9rica y Asia, y reconocido por medio de varios premios y becas: Festival Internacional de Darmstadt, Fundaci\u00f3n Humboldt, DAAD\/Fundaci\u00f3n La Caixa, Ministerio de Cultura, Instituto Goethe, Comunidad de Madrid, SWR Stuttgart, Academia Europea, Residencia de Estudiantes, Casa Vel\u00e1zquez, Matadero de Madrid o Fundaci\u00f3n BBVA.<\/p>\n<p>Junto a su actividad como compositor, mantiene un trabajo intenso como divulgador, publicando regularmente art\u00edculos en varios medios e impartiendo cursos y conferencias sobre composici\u00f3n, est\u00e9tica, an\u00e1lisis y nuevos medios en diversas instituciones.<\/p>\n<p>Ha sido comisario de varias iniciativas, de entre las que destaca el ciclo VANG.<\/p>\n<p>Tras pasar por diferentes instituciones pedag\u00f3gicas, actualmente es catedr\u00e1tico en el Real Conservatorio Superior de M\u00fasica de Madrid.<\/p>\n<p style=\"text-align: right;\"><strong><em><a style=\"color: #998374;\" href=\"http:\/\/docs.albertobernal.net\/bernal_bios.doc\" target=\"_blank\" rel=\"noopener noreferrer\">\u2192 Descargar bios en diferentes idiomas y extensiones<\/a><\/em><\/strong><\/p>\n<p><\/p>","protected":false},"excerpt":{"rendered":"<p>Compositor y artista sonoro de procedencia cl\u00e1sica y variadas influencias, con trabajos enmarcados cerca del punto de inflexi\u00f3n entre situaciones de concierto y otras disciplinas como la instalaci\u00f3n, la performance o el videoarte. Su obra es, ante todo, una b\u00fasqueda y deconstrucci\u00f3n del l\u00edmite entre lo est\u00e9tico y lo sociopol\u00edtico, as\u00ed como entre los diferentes [&hellip;]<\/p>\n","protected":false},"author":1,"featured_media":0,"parent":0,"menu_order":0,"comment_status":"closed","ping_status":"closed","template":"page-full.php","meta":{"footnotes":""},"class_list":["post-7","page","type-page","status-publish","hentry"],"_links":{"self":[{"href":"https:\/\/albertobernal.net\/es\/wp-json\/wp\/v2\/pages\/7","targetHints":{"allow":["GET"]}}],"collection":[{"href":"https:\/\/albertobernal.net\/es\/wp-json\/wp\/v2\/pages"}],"about":[{"href":"https:\/\/albertobernal.net\/es\/wp-json\/wp\/v2\/types\/page"}],"author":[{"embeddable":true,"href":"https:\/\/albertobernal.net\/es\/wp-json\/wp\/v2\/users\/1"}],"replies":[{"embeddable":true,"href":"https:\/\/albertobernal.net\/es\/wp-json\/wp\/v2\/comments?post=7"}],"version-history":[{"count":51,"href":"https:\/\/albertobernal.net\/es\/wp-json\/wp\/v2\/pages\/7\/revisions"}],"predecessor-version":[{"id":3623,"href":"https:\/\/albertobernal.net\/es\/wp-json\/wp\/v2\/pages\/7\/revisions\/3623"}],"wp:attachment":[{"href":"https:\/\/albertobernal.net\/es\/wp-json\/wp\/v2\/media?parent=7"}],"curies":[{"name":"wp","href":"https:\/\/api.w.org\/{rel}","templated":true}]}}