{"id":745,"date":"2015-08-18T16:23:20","date_gmt":"2015-08-18T16:23:20","guid":{"rendered":"http:\/\/albertobernalcomposer.apps-1and1.net\/?page_id=745"},"modified":"2015-09-04T09:22:40","modified_gmt":"2015-09-04T09:22:40","slug":"no-studies","status":"publish","type":"page","link":"https:\/\/albertobernal.net\/es\/works\/series\/no-studies","title":{"rendered":"NO studies"},"content":{"rendered":"<p><\/p>\n<p style=\"padding-left: 30px; text-align: justify;\"><em> El ciclo <\/em>NO studies<em> se plantea como una serie de obras de diferentes formatos (obras instrumentales, electroac\u00fasticas, con o sin v\u00eddeo, instalaciones\u2026) cuyo punto de partida com\u00fan es el estudio de la palabra NO desde diferentes \u00e1ngulos: el sonido fon\u00e9tico, su sonido en la escritura, la sonificaci\u00f3n de su aspecto visual, su potenciaci\u00f3n en forma de protesta colectiva\u2026<\/em><\/p>\n<hr \/>\n<p><div class=\"pt-cv-wrapper\"><div class=\"pt-cv-view pt-cv-grid pt-cv-colsys pt-cv-left\" id=\"pt-cv-view-6e24a9c061\"><div data-id=\"pt-cv-page-1\" class=\"pt-cv-page\" data-cvc=\"4\"><div class=\"col-md-3 col-sm-3 col-xs-12 pt-cv-content-item pt-cv-1-col\" ><div class='pt-cv-ifield'><a href=\"https:\/\/albertobernal.net\/es\/no_studies-1\" class=\"_blank pt-cv-href-thumbnail pt-cv-thumb-default\" target=\"_blank\" ><img loading=\"lazy\" decoding=\"async\" width=\"300\" height=\"225\" src=\"https:\/\/albertobernal.net\/wp-content\/uploads\/2015\/08\/no-1-300x225.gif\" class=\"pt-cv-thumbnail img-none\" alt=\"\" \/><\/a>\n<h4 class=\"pt-cv-title\"><a href=\"https:\/\/albertobernal.net\/es\/no_studies-1\" class=\"_blank\" target=\"_blank\" >NO studies #1<\/a><\/h4>\n<div class=\"pt-cv-content\">ensemble de saxos + v\u00eddeo (2013)<\/div><\/div><\/div>\n<div class=\"col-md-3 col-sm-3 col-xs-12 pt-cv-content-item pt-cv-1-col\" ><div class='pt-cv-ifield'><a href=\"https:\/\/albertobernal.net\/es\/no-studies-2\" class=\"_blank pt-cv-href-thumbnail pt-cv-thumb-default\" target=\"_blank\" ><img loading=\"lazy\" decoding=\"async\" width=\"300\" height=\"225\" src=\"https:\/\/albertobernal.net\/wp-content\/uploads\/2015\/03\/black-300x225.gif\" class=\"pt-cv-thumbnail img-none\" alt=\"\" \/><\/a>\n<h4 class=\"pt-cv-title\"><a href=\"https:\/\/albertobernal.net\/es\/no-studies-2\" class=\"_blank\" target=\"_blank\" >NO studies #2. \u00abMadrid, 2011\/5\/20 23h44m43s\u00bb<\/a><\/h4>\n<div class=\"pt-cv-content\">tape (2014)<\/div><\/div><\/div>\n<div class=\"col-md-3 col-sm-3 col-xs-12 pt-cv-content-item pt-cv-1-col\" ><div class='pt-cv-ifield'><a href=\"https:\/\/albertobernal.net\/es\/no_studies-3\" class=\"_blank pt-cv-href-thumbnail pt-cv-thumb-default\" target=\"_blank\" ><img loading=\"lazy\" decoding=\"async\" width=\"300\" height=\"225\" src=\"https:\/\/albertobernal.net\/wp-content\/uploads\/2015\/04\/no-3-300x225.gif\" class=\"pt-cv-thumbnail img-none\" alt=\"\" \/><\/a>\n<h4 class=\"pt-cv-title\"><a href=\"https:\/\/albertobernal.net\/es\/no_studies-3\" class=\"_blank\" target=\"_blank\" >NO studies #3 \u00ab73 attempts to play NO. Its resonance. Its NO. A glass\u00bb<\/a><\/h4>\n<div class=\"pt-cv-content\">piano, copa y v\u00eddeo (2014)<\/div><\/div><\/div>\n<div class=\"col-md-3 col-sm-3 col-xs-12 pt-cv-content-item pt-cv-1-col\" ><div class='pt-cv-ifield'><a href=\"https:\/\/albertobernal.net\/es\/no-studies-4\" class=\"_blank pt-cv-href-thumbnail pt-cv-thumb-default\" target=\"_blank\" ><img loading=\"lazy\" decoding=\"async\" width=\"300\" height=\"225\" src=\"https:\/\/albertobernal.net\/wp-content\/uploads\/2015\/08\/no-4-300x225.gif\" class=\"pt-cv-thumbnail img-none\" alt=\"\" \/><\/a>\n<h4 class=\"pt-cv-title\"><a href=\"https:\/\/albertobernal.net\/es\/no-studies-4\" class=\"_blank\" target=\"_blank\" >NO studies #4 \u00abalphabetically ordered NO written in the 100 most spoken languages\u00bb<\/a><\/h4>\n<div class=\"pt-cv-content\">objeto audiovisual (2015)<\/div><\/div><\/div>\n<div class=\"col-md-3 col-sm-3 col-xs-12 pt-cv-content-item pt-cv-1-col\" ><div class='pt-cv-ifield'><a href=\"https:\/\/albertobernal.net\/es\/no-studies-1b\" class=\"_blank pt-cv-href-thumbnail pt-cv-thumb-default\" target=\"_blank\" ><img loading=\"lazy\" decoding=\"async\" width=\"300\" height=\"225\" src=\"https:\/\/albertobernal.net\/wp-content\/uploads\/2015\/06\/no-1b-300x225.gif\" class=\"pt-cv-thumbnail img-none\" alt=\"no 1b\" \/><\/a>\n<h4 class=\"pt-cv-title\"><a href=\"https:\/\/albertobernal.net\/es\/no-studies-1b\" class=\"_blank\" target=\"_blank\" >NO studies #1b<\/a><\/h4>\n<div class=\"pt-cv-content\">(fl, tsax, mar, e-guit, pno) + v\u00eddeo (2013)<\/div><\/div><\/div><\/div><\/div><\/div>\t\t\t<style type=\"text\/css\" id=\"pt-cv-inline-style-2c9e8aahji\">#pt-cv-view-6e24a9c061 .pt-cv-title a, #pt-cv-view-6e24a9c061  .panel-title { font-family: 'Noto Sans', Arial, serif !important; font-size: 14px !important; }\n#pt-cv-view-6e24a9c061 .pt-cv-content , #pt-cv-view-6e24a9c061  .carousel-caption { font-family: 'Noto Sans', Arial, serif !important; font-size: 12px !important; }\n#pt-cv-view-6e24a9c061 { text-align: left !important; }<\/style>\r\n\t\t\t<\/p>","protected":false},"excerpt":{"rendered":"<p>varios formatos (2013-)<\/p>\n","protected":false},"author":1,"featured_media":759,"parent":795,"menu_order":0,"comment_status":"closed","ping_status":"closed","template":"page-full.php","meta":{"footnotes":""},"class_list":["post-745","page","type-page","status-publish","has-post-thumbnail","hentry"],"_links":{"self":[{"href":"https:\/\/albertobernal.net\/es\/wp-json\/wp\/v2\/pages\/745","targetHints":{"allow":["GET"]}}],"collection":[{"href":"https:\/\/albertobernal.net\/es\/wp-json\/wp\/v2\/pages"}],"about":[{"href":"https:\/\/albertobernal.net\/es\/wp-json\/wp\/v2\/types\/page"}],"author":[{"embeddable":true,"href":"https:\/\/albertobernal.net\/es\/wp-json\/wp\/v2\/users\/1"}],"replies":[{"embeddable":true,"href":"https:\/\/albertobernal.net\/es\/wp-json\/wp\/v2\/comments?post=745"}],"version-history":[{"count":5,"href":"https:\/\/albertobernal.net\/es\/wp-json\/wp\/v2\/pages\/745\/revisions"}],"predecessor-version":[{"id":2091,"href":"https:\/\/albertobernal.net\/es\/wp-json\/wp\/v2\/pages\/745\/revisions\/2091"}],"up":[{"embeddable":true,"href":"https:\/\/albertobernal.net\/es\/wp-json\/wp\/v2\/pages\/795"}],"wp:featuredmedia":[{"embeddable":true,"href":"https:\/\/albertobernal.net\/es\/wp-json\/wp\/v2\/media\/759"}],"wp:attachment":[{"href":"https:\/\/albertobernal.net\/es\/wp-json\/wp\/v2\/media?parent=745"}],"curies":[{"name":"wp","href":"https:\/\/api.w.org\/{rel}","templated":true}]}}