{"id":762,"date":"2015-08-18T21:40:29","date_gmt":"2015-08-18T21:40:29","guid":{"rendered":"http:\/\/albertobernalcomposer.apps-1and1.net\/?page_id=762"},"modified":"2015-09-04T08:58:51","modified_gmt":"2015-09-04T08:58:51","slug":"deconstructions","status":"publish","type":"page","link":"https:\/\/albertobernal.net\/es\/works\/series\/deconstructions","title":{"rendered":"deconstrucciones"},"content":{"rendered":"<p><\/p>\n<p style=\"padding-left: 30px; text-align: justify;\">Deconstrucciones<em> es una serie de siete obras compuestas entre 2005 y 2008. Escritas principalmente dentro del g\u00e9nero de la m\u00fasica instrumental (con o sin electr\u00f3nica), su principio discursivo se basa en la deconstrucci\u00f3n de un determinado objeto o estructura musical convencional: un cluster, un trino, un redoble militar, la totalidad de una frase musical, una estructura c\u00edclica o un final, estos elementos son sometidos en cada obra a diferentes procesos deconstructivos, a peque\u00f1a y gran escala, provocando que de ello surja un sentido adicional que se confronta al que ya de por s\u00ed portan los materiales de partida.<\/em><\/p>\n<p style=\"padding-left: 30px; text-align: right;\">Texto relacionado: <strong><a href=\"https:\/\/albertobernal.net\/texts\/bernal_musica-y-deconstruccion.pdf\" target=\"_blank\">M\u00fasica y deconstrucci\u00f3n<\/a><\/strong> (Enrahonar #38-39. 2007)<\/p>\n<hr \/>\n<p><div class=\"pt-cv-wrapper\"><div class=\"pt-cv-view pt-cv-grid pt-cv-colsys pt-cv-left\" id=\"pt-cv-view-9d26d822d8\"><div data-id=\"pt-cv-page-1\" class=\"pt-cv-page\" data-cvc=\"4\"><div class=\"col-md-3 col-sm-3 col-xs-12 pt-cv-content-item pt-cv-1-col\" ><div class='pt-cv-ifield'><a href=\"https:\/\/albertobernal.net\/es\/trill3-deconstruction\" class=\"_blank pt-cv-href-thumbnail pt-cv-thumb-default\" target=\"_blank\" ><img loading=\"lazy\" decoding=\"async\" width=\"300\" height=\"225\" src=\"https:\/\/albertobernal.net\/wp-content\/uploads\/2015\/08\/trill-2-1-300x225.gif\" class=\"pt-cv-thumbnail img-none\" alt=\"\" \/><\/a>\n<h4 class=\"pt-cv-title\"><a href=\"https:\/\/albertobernal.net\/es\/trill3-deconstruction\" class=\"_blank\" target=\"_blank\" >de la deconstrucci\u00f3n de un trino III<\/a><\/h4>\n<div class=\"pt-cv-content\">clarinete bajo en vivo y pregrabado (2006-2016)<\/div><\/div><\/div>\n<div class=\"col-md-3 col-sm-3 col-xs-12 pt-cv-content-item pt-cv-1-col\" ><div class='pt-cv-ifield'><a href=\"https:\/\/albertobernal.net\/es\/end-deconstruction\" class=\"_blank pt-cv-href-thumbnail pt-cv-thumb-default\" target=\"_blank\" ><img loading=\"lazy\" decoding=\"async\" width=\"300\" height=\"225\" src=\"https:\/\/albertobernal.net\/wp-content\/uploads\/2015\/08\/end-2-300x225.gif\" class=\"pt-cv-thumbnail img-none\" alt=\"\" \/><\/a>\n<h4 class=\"pt-cv-title\"><a href=\"https:\/\/albertobernal.net\/es\/end-deconstruction\" class=\"_blank\" target=\"_blank\" >de la deconstrucci\u00f3n de un final<\/a><\/h4>\n<div class=\"pt-cv-content\">viol\u00edn, violonchelo y piano + tape opcional (2008)<\/div><\/div><\/div>\n<div class=\"col-md-3 col-sm-3 col-xs-12 pt-cv-content-item pt-cv-1-col\" ><div class='pt-cv-ifield'><a href=\"https:\/\/albertobernal.net\/es\/cycle-deconstruction\" class=\"_blank pt-cv-href-thumbnail pt-cv-thumb-default\" target=\"_blank\" ><img loading=\"lazy\" decoding=\"async\" width=\"300\" height=\"225\" src=\"https:\/\/albertobernal.net\/wp-content\/uploads\/2015\/08\/cycle-300x225.gif\" class=\"pt-cv-thumbnail img-none\" alt=\"\" \/><\/a>\n<h4 class=\"pt-cv-title\"><a href=\"https:\/\/albertobernal.net\/es\/cycle-deconstruction\" class=\"_blank\" target=\"_blank\" >de la deconstrucci\u00f3n de un ciclo<\/a><\/h4>\n<div class=\"pt-cv-content\">2 pno, 2 perc + tape opcional (2005)<\/div><\/div><\/div>\n<div class=\"col-md-3 col-sm-3 col-xs-12 pt-cv-content-item pt-cv-1-col\" ><div class='pt-cv-ifield'><a href=\"https:\/\/albertobernal.net\/es\/trill-deconstruction\" class=\"_blank pt-cv-href-thumbnail pt-cv-thumb-default\" target=\"_blank\" ><img loading=\"lazy\" decoding=\"async\" width=\"300\" height=\"225\" src=\"https:\/\/albertobernal.net\/wp-content\/uploads\/2015\/08\/trill-300x225.gif\" class=\"pt-cv-thumbnail img-none\" alt=\"\" \/><\/a>\n<h4 class=\"pt-cv-title\"><a href=\"https:\/\/albertobernal.net\/es\/trill-deconstruction\" class=\"_blank\" target=\"_blank\" >de la deconstrucci\u00f3n de un trino<\/a><\/h4>\n<div class=\"pt-cv-content\">flauta en vivo y flauta pregrabada (2006)<\/div><\/div><\/div>\n<div class=\"col-md-3 col-sm-3 col-xs-12 pt-cv-content-item pt-cv-1-col\" ><div class='pt-cv-ifield'><a href=\"https:\/\/albertobernal.net\/es\/trill2-deconstruction\" class=\"_blank pt-cv-href-thumbnail pt-cv-thumb-default\" target=\"_blank\" ><img loading=\"lazy\" decoding=\"async\" width=\"300\" height=\"225\" src=\"https:\/\/albertobernal.net\/wp-content\/uploads\/2015\/08\/trill-2-1-300x225.gif\" class=\"pt-cv-thumbnail img-none\" alt=\"\" \/><\/a>\n<h4 class=\"pt-cv-title\"><a href=\"https:\/\/albertobernal.net\/es\/trill2-deconstruction\" class=\"_blank\" target=\"_blank\" >de la deconstrucci\u00f3n de un trino II<\/a><\/h4>\n<div class=\"pt-cv-content\">saxo en vivo y saxo pregrabado (2006)<\/div><\/div><\/div>\n<div class=\"col-md-3 col-sm-3 col-xs-12 pt-cv-content-item pt-cv-1-col\" ><div class='pt-cv-ifield'><a href=\"https:\/\/albertobernal.net\/es\/cluster-deconstruction\" class=\"_blank pt-cv-href-thumbnail pt-cv-thumb-default\" target=\"_blank\" ><img loading=\"lazy\" decoding=\"async\" width=\"300\" height=\"225\" src=\"https:\/\/albertobernal.net\/wp-content\/uploads\/2015\/08\/cluster1-300x225.gif\" class=\"pt-cv-thumbnail img-none\" alt=\"cluster\" \/><\/a>\n<h4 class=\"pt-cv-title\"><a href=\"https:\/\/albertobernal.net\/es\/cluster-deconstruction\" class=\"_blank\" target=\"_blank\" >de la deconstrucci\u00f3n de un cluster<\/a><\/h4>\n<div class=\"pt-cv-content\">piano solo (2005)<\/div><\/div><\/div>\n<div class=\"col-md-3 col-sm-3 col-xs-12 pt-cv-content-item pt-cv-1-col\" ><div class='pt-cv-ifield'><a href=\"https:\/\/albertobernal.net\/es\/roll-deconstruction\" class=\"_blank pt-cv-href-thumbnail pt-cv-thumb-default\" target=\"_blank\" ><img loading=\"lazy\" decoding=\"async\" width=\"300\" height=\"225\" src=\"https:\/\/albertobernal.net\/wp-content\/uploads\/2015\/08\/roll-300x225.gif\" class=\"pt-cv-thumbnail img-none\" alt=\"\" \/><\/a>\n<h4 class=\"pt-cv-title\"><a href=\"https:\/\/albertobernal.net\/es\/roll-deconstruction\" class=\"_blank\" target=\"_blank\" >de la deconstrucci\u00f3n de un redoble militar<\/a><\/h4>\n<div class=\"pt-cv-content\">2 percusionistas (2005)<\/div><\/div><\/div>\n<div class=\"col-md-3 col-sm-3 col-xs-12 pt-cv-content-item pt-cv-1-col\" ><div class='pt-cv-ifield'><a href=\"https:\/\/albertobernal.net\/es\/whole-deconstruction\" class=\"_blank pt-cv-href-thumbnail pt-cv-thumb-default\" target=\"_blank\" ><img loading=\"lazy\" decoding=\"async\" width=\"300\" height=\"225\" src=\"https:\/\/albertobernal.net\/wp-content\/uploads\/2015\/08\/ganzen-300x225.gif\" class=\"pt-cv-thumbnail img-none\" alt=\"\" \/><\/a>\n<h4 class=\"pt-cv-title\"><a href=\"https:\/\/albertobernal.net\/es\/whole-deconstruction\" class=\"_blank\" target=\"_blank\" >on the deconstruction of a whole<\/a><\/h4>\n<div class=\"pt-cv-content\">installation for one bassoon and one spectator (2005)<\/div><\/div><\/div><\/div><\/div><\/div>\t\t\t<style type=\"text\/css\" id=\"pt-cv-inline-style-924a4b8b6y\">#pt-cv-view-9d26d822d8 .pt-cv-title a, #pt-cv-view-9d26d822d8  .panel-title { font-family: 'Noto Sans', Arial, serif !important; font-size: 14px !important; }\n#pt-cv-view-9d26d822d8 .pt-cv-content , #pt-cv-view-9d26d822d8  .carousel-caption { font-family: 'Noto Sans', Arial, serif !important; font-size: 12px !important; }\n#pt-cv-view-9d26d822d8 { text-align: left !important; }<\/style>\r\n\t\t\t<\/p>","protected":false},"excerpt":{"rendered":"<p>m\u00fasica instrumental con y sin electr\u00f3nica (2005-2008)<\/p>\n","protected":false},"author":1,"featured_media":786,"parent":795,"menu_order":0,"comment_status":"closed","ping_status":"closed","template":"page-full.php","meta":{"footnotes":""},"class_list":["post-762","page","type-page","status-publish","has-post-thumbnail","hentry"],"_links":{"self":[{"href":"https:\/\/albertobernal.net\/es\/wp-json\/wp\/v2\/pages\/762","targetHints":{"allow":["GET"]}}],"collection":[{"href":"https:\/\/albertobernal.net\/es\/wp-json\/wp\/v2\/pages"}],"about":[{"href":"https:\/\/albertobernal.net\/es\/wp-json\/wp\/v2\/types\/page"}],"author":[{"embeddable":true,"href":"https:\/\/albertobernal.net\/es\/wp-json\/wp\/v2\/users\/1"}],"replies":[{"embeddable":true,"href":"https:\/\/albertobernal.net\/es\/wp-json\/wp\/v2\/comments?post=762"}],"version-history":[{"count":9,"href":"https:\/\/albertobernal.net\/es\/wp-json\/wp\/v2\/pages\/762\/revisions"}],"predecessor-version":[{"id":2083,"href":"https:\/\/albertobernal.net\/es\/wp-json\/wp\/v2\/pages\/762\/revisions\/2083"}],"up":[{"embeddable":true,"href":"https:\/\/albertobernal.net\/es\/wp-json\/wp\/v2\/pages\/795"}],"wp:featuredmedia":[{"embeddable":true,"href":"https:\/\/albertobernal.net\/es\/wp-json\/wp\/v2\/media\/786"}],"wp:attachment":[{"href":"https:\/\/albertobernal.net\/es\/wp-json\/wp\/v2\/media?parent=762"}],"curies":[{"name":"wp","href":"https:\/\/api.w.org\/{rel}","templated":true}]}}