{"id":936,"date":"2015-08-19T20:56:31","date_gmt":"2015-08-19T20:56:31","guid":{"rendered":"http:\/\/albertobernalcomposer.apps-1and1.net\/?page_id=936"},"modified":"2015-09-04T09:01:12","modified_gmt":"2015-09-04T09:01:12","slug":"g8-serie","status":"publish","type":"page","link":"https:\/\/albertobernal.net\/es\/works\/series\/g8-serie","title":{"rendered":"G8"},"content":{"rendered":"<p><\/p>\n<p style=\"padding-left: 30px; text-align: justify;\"><em>Bajo la serie <\/em>G8<em> se agrupan relecturas de los himnos nacionales de los pa\u00edses constituyentes del G8. Cada una de las obras toma como \u00fanico punto de partida y material el himno nacional del pa\u00eds correspondiente. \u00c9ste, es \u00able\u00eddo\u00bb a c\u00e1mara lenta de principio a fin por una especie de ventana que va repitiendo peque\u00f1os fragmentos de su interior seg\u00fan avanza en el tiempo; estos fragmentos son, a su vez, superpuestos sobre s\u00ed mismos en un tejido de varias capas que oscila entre la reconocibilidad del material original y el nuevo discurso que emerge de su propia saturaci\u00f3n. Ser\u00eda como observar microsc\u00f3picamente un objeto mientras pasamos la vista lentamente por toda su superficie.<\/em><\/p>\n<p style=\"padding-left: 30px; text-align: justify;\"><em>Con claras influencias del mundo de las artes pl\u00e1sticas -las \u00abaccumulations\u00bb de Arman o la iconograf\u00eda de Jasper Johns- esta saturaci\u00f3n por agrandamiento -del objeto, de su temporalidad- trata de penetrar en el interior de los objetos sonoros, de deconstruir y a la vez trascender de manera cr\u00edtica su inmediata funcionalidad y los principios que representa. La energ\u00eda \u00abheroica\u00bb y patri\u00f3tica de lo militar -aquella que incita a levantarse del asiento con una bandera en una mano y un rifle en la otra- es aqu\u00ed aplicada sobre si misma, superpuesta, saturada&#8230; neutralizada est\u00e9ticamente.<\/em><\/p>\n<hr \/>\n<p><iframe loading=\"lazy\" src=\"https:\/\/w.soundcloud.com\/player\/?url=https%3A\/\/api.soundcloud.com\/tracks\/131553708&amp;auto_play=false&amp;hide_related=false&amp;show_comments=false&amp;show_user=false&amp;show_reposts=false&amp;visual=false&amp;show_artwork=false&amp;color=998374\" width=\"100%\" height=\"100\" frameborder=\"no\" scrolling=\"no\"><\/iframe><\/p>\n<hr \/>\n<p><iframe loading=\"lazy\" src=\"https:\/\/w.soundcloud.com\/player\/?url=https%3A\/\/api.soundcloud.com\/tracks\/131553498&amp;auto_play=false&amp;hide_related=false&amp;show_comments=false&amp;show_user=false&amp;show_reposts=false&amp;visual=false&amp;show_artwork=false&amp;color=998374\" width=\"100%\" height=\"100\" frameborder=\"no\" scrolling=\"no\"><\/iframe><\/p>\n<hr \/>\n<p><iframe loading=\"lazy\" src=\"https:\/\/w.soundcloud.com\/player\/?url=https%3A\/\/api.soundcloud.com\/tracks\/131553116&amp;auto_play=false&amp;hide_related=false&amp;show_comments=false&amp;show_user=false&amp;show_reposts=false&amp;visual=false&amp;show_artwork=false&amp;color=998374\" width=\"100%\" height=\"100\" frameborder=\"no\" scrolling=\"no\"><\/iframe><\/p>\n<hr \/>\n<p><iframe loading=\"lazy\" src=\"https:\/\/w.soundcloud.com\/player\/?url=https%3A\/\/api.soundcloud.com\/tracks\/131553150&amp;auto_play=false&amp;hide_related=false&amp;show_comments=false&amp;show_user=false&amp;show_reposts=false&amp;visual=false&amp;show_artwork=false&amp;color=998374\" width=\"100%\" height=\"100\" frameborder=\"no\" scrolling=\"no\"><\/iframe><\/p>\n<hr \/>\n<p><iframe loading=\"lazy\" src=\"https:\/\/w.soundcloud.com\/player\/?url=https%3A\/\/api.soundcloud.com\/tracks\/131553621&amp;auto_play=false&amp;hide_related=false&amp;show_comments=false&amp;show_user=false&amp;show_reposts=false&amp;visual=false&amp;show_artwork=false&amp;color=998374\" width=\"100%\" height=\"100\" frameborder=\"no\" scrolling=\"no\"><\/iframe><\/p>","protected":false},"excerpt":{"rendered":"<p>tape (2007-)<\/p>\n","protected":false},"author":1,"featured_media":764,"parent":795,"menu_order":0,"comment_status":"closed","ping_status":"closed","template":"","meta":{"footnotes":""},"class_list":["post-936","page","type-page","status-publish","has-post-thumbnail","hentry"],"_links":{"self":[{"href":"https:\/\/albertobernal.net\/es\/wp-json\/wp\/v2\/pages\/936","targetHints":{"allow":["GET"]}}],"collection":[{"href":"https:\/\/albertobernal.net\/es\/wp-json\/wp\/v2\/pages"}],"about":[{"href":"https:\/\/albertobernal.net\/es\/wp-json\/wp\/v2\/types\/page"}],"author":[{"embeddable":true,"href":"https:\/\/albertobernal.net\/es\/wp-json\/wp\/v2\/users\/1"}],"replies":[{"embeddable":true,"href":"https:\/\/albertobernal.net\/es\/wp-json\/wp\/v2\/comments?post=936"}],"version-history":[{"count":6,"href":"https:\/\/albertobernal.net\/es\/wp-json\/wp\/v2\/pages\/936\/revisions"}],"predecessor-version":[{"id":2084,"href":"https:\/\/albertobernal.net\/es\/wp-json\/wp\/v2\/pages\/936\/revisions\/2084"}],"up":[{"embeddable":true,"href":"https:\/\/albertobernal.net\/es\/wp-json\/wp\/v2\/pages\/795"}],"wp:featuredmedia":[{"embeddable":true,"href":"https:\/\/albertobernal.net\/es\/wp-json\/wp\/v2\/media\/764"}],"wp:attachment":[{"href":"https:\/\/albertobernal.net\/es\/wp-json\/wp\/v2\/media?parent=936"}],"curies":[{"name":"wp","href":"https:\/\/api.w.org\/{rel}","templated":true}]}}